{"id":173,"date":"2011-12-27T13:07:32","date_gmt":"2011-12-27T13:07:32","guid":{"rendered":"http:\/\/www.werendijke.nl\/wordpressde\/?page_id=173"},"modified":"2026-04-03T14:56:08","modified_gmt":"2026-04-03T12:56:08","slug":"suchen-buchen","status":"publish","type":"page","link":"https:\/\/www.werendijke.nl\/wordpressde\/suchen-buchen\/","title":{"rendered":"Buchen Campingplatz Werendijke"},"content":{"rendered":"<p>Buchen Sie hier bei Campingplatz Werendijke. Alle Preise finden Sie in der <a title=\"Campingplatz | Zoutelande, Zeeland | Werendijke | Klostergarten - Preise\" href=\"https:\/\/www.werendijke.nl\/wordpressde\/preise-campingplatz-werendijke\/\">Preis\u00fcbersicht<\/a> und den Unterschied zwischen Standardplatz und Komfortplatz unter <a title=\"Campingplatz | Zoutelande, Zeeland | Werendijke | Klostergarten - Ausstattung\" href=\"https:\/\/www.werendijke.nl\/wordpressde\/ausstattung-campingplatz-werendijke\/\">Ausstattung<\/a>.<\/p>\n<p><span style=\"font-size: 12pt;\"><em>Keine (Vor-\/Nach-)Saisonpl\u00e4tze verf\u00fcgbar. W\u00e4hlen Sie einen Standardstellplatz, wenn Sie ein Wohnmobil nutzen.<\/em><\/span><\/p>\n<p><script src=\"https:\/\/api.tommybookingsupport.com\/widgets\/js\/widget.js\"\r\n        type=\"application\/javascript\" language=\"javascript\"><\/script><\/p>\n<div id=\"TommyBookingSupport\" data-widget=\"boeken\" data-apikey=\"cbbe2e41fff1a2f04968bdaeedff3b78085afca2dc4623870bdc2dff3aac6747\" data-account=\"werendijke\" data-language=\"de\" data-country=\"de\" data-google-analytics=\"UA-8204433-1\" data-algemene-voorwaarden=\"https:\/\/www.werendijke.nl\/wordpressde\/allgemeine-bedingungen\/\" data-url-success=\"https:\/\/www.werendijke.nl\/wordpressde\/tommy-succes\/\" data-url-error=\"https:\/\/www.werendijke.nl\/wordpressde\/tommy-error\/\" data-scroll=\"false\" data-kalenderdatum=\"2026-03-01\">&nbsp;<\/div>\n","protected":false},"excerpt":{"rendered":"<p>Buchen Sie hier bei Campingplatz Werendijke.<\/p>\n","protected":false},"author":2,"featured_media":579,"parent":0,"menu_order":0,"comment_status":"closed","ping_status":"closed","template":"layouts\/page-fullwidth.php","meta":{"ngg_post_thumbnail":0,"footnotes":""},"class_list":["post-173","page","type-page","status-publish","has-post-thumbnail","hentry"],"yoast_head":"<!-- This site is optimized with the Yoast SEO plugin v27.4 - https:\/\/yoast.com\/product\/yoast-seo-wordpress\/ -->\n<title>Buchen Campingplatz Werendijke - Mini-Campingplatz | Zoutelande, Zeeland | Werendijke<\/title>\n<meta name=\"robots\" content=\"index, follow, max-snippet:-1, max-image-preview:large, max-video-preview:-1\" \/>\n<link rel=\"canonical\" href=\"https:\/\/www.werendijke.nl\/wordpressde\/suchen-buchen\/\" \/>\n<meta property=\"og:locale\" content=\"nl_NL\" \/>\n<meta property=\"og:type\" content=\"article\" \/>\n<meta property=\"og:title\" content=\"Buchen Campingplatz Werendijke - Mini-Campingplatz | Zoutelande, Zeeland | Werendijke\" \/>\n<meta property=\"og:description\" content=\"Buchen Sie hier bei Campingplatz Werendijke.\" \/>\n<meta property=\"og:url\" content=\"https:\/\/www.werendijke.nl\/wordpressde\/suchen-buchen\/\" \/>\n<meta property=\"og:site_name\" content=\"Mini-Campingplatz | Zoutelande, Zeeland | Werendijke\" \/>\n<meta property=\"article:modified_time\" content=\"2026-04-03T12:56:08+00:00\" \/>\n<meta property=\"og:image\" content=\"https:\/\/www.werendijke.nl\/wordpressde\/wp-content\/uploads\/logo_met-tekst.jpg\" \/>\n\t<meta property=\"og:image:width\" content=\"1260\" \/>\n\t<meta property=\"og:image:height\" content=\"1260\" \/>\n\t<meta property=\"og:image:type\" content=\"image\/jpeg\" \/>\n<meta name=\"twitter:card\" content=\"summary_large_image\" \/>\n<script type=\"application\/ld+json\" class=\"yoast-schema-graph\">{\"@context\":\"https:\\\/\\\/schema.org\",\"@graph\":[{\"@type\":\"WebPage\",\"@id\":\"https:\\\/\\\/www.werendijke.nl\\\/wordpressde\\\/suchen-buchen\\\/\",\"url\":\"https:\\\/\\\/www.werendijke.nl\\\/wordpressde\\\/suchen-buchen\\\/\",\"name\":\"Buchen Campingplatz Werendijke - Mini-Campingplatz | Zoutelande, Zeeland | Werendijke\",\"isPartOf\":{\"@id\":\"https:\\\/\\\/www.werendijke.nl\\\/wordpressde\\\/#website\"},\"primaryImageOfPage\":{\"@id\":\"https:\\\/\\\/www.werendijke.nl\\\/wordpressde\\\/suchen-buchen\\\/#primaryimage\"},\"image\":{\"@id\":\"https:\\\/\\\/www.werendijke.nl\\\/wordpressde\\\/suchen-buchen\\\/#primaryimage\"},\"thumbnailUrl\":\"https:\\\/\\\/www.werendijke.nl\\\/wordpressde\\\/wp-content\\\/uploads\\\/logo_met-tekst.jpg\",\"datePublished\":\"2011-12-27T13:07:32+00:00\",\"dateModified\":\"2026-04-03T12:56:08+00:00\",\"breadcrumb\":{\"@id\":\"https:\\\/\\\/www.werendijke.nl\\\/wordpressde\\\/suchen-buchen\\\/#breadcrumb\"},\"inLanguage\":\"nl-NL\",\"potentialAction\":[{\"@type\":\"ReadAction\",\"target\":[\"https:\\\/\\\/www.werendijke.nl\\\/wordpressde\\\/suchen-buchen\\\/\"]}]},{\"@type\":\"ImageObject\",\"inLanguage\":\"nl-NL\",\"@id\":\"https:\\\/\\\/www.werendijke.nl\\\/wordpressde\\\/suchen-buchen\\\/#primaryimage\",\"url\":\"https:\\\/\\\/www.werendijke.nl\\\/wordpressde\\\/wp-content\\\/uploads\\\/logo_met-tekst.jpg\",\"contentUrl\":\"https:\\\/\\\/www.werendijke.nl\\\/wordpressde\\\/wp-content\\\/uploads\\\/logo_met-tekst.jpg\",\"width\":1260,\"height\":1260,\"caption\":\"Werendijke logo\"},{\"@type\":\"BreadcrumbList\",\"@id\":\"https:\\\/\\\/www.werendijke.nl\\\/wordpressde\\\/suchen-buchen\\\/#breadcrumb\",\"itemListElement\":[{\"@type\":\"ListItem\",\"position\":1,\"name\":\"Home\",\"item\":\"https:\\\/\\\/www.werendijke.nl\\\/wordpressde\\\/\"},{\"@type\":\"ListItem\",\"position\":2,\"name\":\"Buchen Campingplatz Werendijke\"}]},{\"@type\":\"WebSite\",\"@id\":\"https:\\\/\\\/www.werendijke.nl\\\/wordpressde\\\/#website\",\"url\":\"https:\\\/\\\/www.werendijke.nl\\\/wordpressde\\\/\",\"name\":\"Mini-Campingplatz | Zoutelande, Zeeland | Werendijke\",\"description\":\"Mini-Campingplatz | Zoutelande, Zeeland | Werendijke\",\"publisher\":{\"@id\":\"https:\\\/\\\/www.werendijke.nl\\\/wordpressde\\\/#organization\"},\"potentialAction\":[{\"@type\":\"SearchAction\",\"target\":{\"@type\":\"EntryPoint\",\"urlTemplate\":\"https:\\\/\\\/www.werendijke.nl\\\/wordpressde\\\/?s={search_term_string}\"},\"query-input\":{\"@type\":\"PropertyValueSpecification\",\"valueRequired\":true,\"valueName\":\"search_term_string\"}}],\"inLanguage\":\"nl-NL\"},{\"@type\":\"Organization\",\"@id\":\"https:\\\/\\\/www.werendijke.nl\\\/wordpressde\\\/#organization\",\"name\":\"Campingplatz Werendijke\",\"url\":\"https:\\\/\\\/www.werendijke.nl\\\/wordpressde\\\/\",\"logo\":{\"@type\":\"ImageObject\",\"inLanguage\":\"nl-NL\",\"@id\":\"https:\\\/\\\/www.werendijke.nl\\\/wordpressde\\\/#\\\/schema\\\/logo\\\/image\\\/\",\"url\":\"https:\\\/\\\/www.werendijke.nl\\\/wordpressde\\\/wp-content\\\/uploads\\\/logo_met-tekst_klein.jpg\",\"contentUrl\":\"https:\\\/\\\/www.werendijke.nl\\\/wordpressde\\\/wp-content\\\/uploads\\\/logo_met-tekst_klein.jpg\",\"width\":135,\"height\":135,\"caption\":\"Campingplatz Werendijke\"},\"image\":{\"@id\":\"https:\\\/\\\/www.werendijke.nl\\\/wordpressde\\\/#\\\/schema\\\/logo\\\/image\\\/\"}}]}<\/script>\n<!-- \/ Yoast SEO plugin. -->","yoast_head_json":{"title":"Buchen Campingplatz Werendijke - Mini-Campingplatz | Zoutelande, Zeeland | Werendijke","robots":{"index":"index","follow":"follow","max-snippet":"max-snippet:-1","max-image-preview":"max-image-preview:large","max-video-preview":"max-video-preview:-1"},"canonical":"https:\/\/www.werendijke.nl\/wordpressde\/suchen-buchen\/","og_locale":"nl_NL","og_type":"article","og_title":"Buchen Campingplatz Werendijke - Mini-Campingplatz | Zoutelande, Zeeland | Werendijke","og_description":"Buchen Sie hier bei Campingplatz Werendijke.","og_url":"https:\/\/www.werendijke.nl\/wordpressde\/suchen-buchen\/","og_site_name":"Mini-Campingplatz | Zoutelande, Zeeland | Werendijke","article_modified_time":"2026-04-03T12:56:08+00:00","og_image":[{"width":1260,"height":1260,"url":"https:\/\/www.werendijke.nl\/wordpressde\/wp-content\/uploads\/logo_met-tekst.jpg","type":"image\/jpeg"}],"twitter_card":"summary_large_image","schema":{"@context":"https:\/\/schema.org","@graph":[{"@type":"WebPage","@id":"https:\/\/www.werendijke.nl\/wordpressde\/suchen-buchen\/","url":"https:\/\/www.werendijke.nl\/wordpressde\/suchen-buchen\/","name":"Buchen Campingplatz Werendijke - Mini-Campingplatz | Zoutelande, Zeeland | Werendijke","isPartOf":{"@id":"https:\/\/www.werendijke.nl\/wordpressde\/#website"},"primaryImageOfPage":{"@id":"https:\/\/www.werendijke.nl\/wordpressde\/suchen-buchen\/#primaryimage"},"image":{"@id":"https:\/\/www.werendijke.nl\/wordpressde\/suchen-buchen\/#primaryimage"},"thumbnailUrl":"https:\/\/www.werendijke.nl\/wordpressde\/wp-content\/uploads\/logo_met-tekst.jpg","datePublished":"2011-12-27T13:07:32+00:00","dateModified":"2026-04-03T12:56:08+00:00","breadcrumb":{"@id":"https:\/\/www.werendijke.nl\/wordpressde\/suchen-buchen\/#breadcrumb"},"inLanguage":"nl-NL","potentialAction":[{"@type":"ReadAction","target":["https:\/\/www.werendijke.nl\/wordpressde\/suchen-buchen\/"]}]},{"@type":"ImageObject","inLanguage":"nl-NL","@id":"https:\/\/www.werendijke.nl\/wordpressde\/suchen-buchen\/#primaryimage","url":"https:\/\/www.werendijke.nl\/wordpressde\/wp-content\/uploads\/logo_met-tekst.jpg","contentUrl":"https:\/\/www.werendijke.nl\/wordpressde\/wp-content\/uploads\/logo_met-tekst.jpg","width":1260,"height":1260,"caption":"Werendijke logo"},{"@type":"BreadcrumbList","@id":"https:\/\/www.werendijke.nl\/wordpressde\/suchen-buchen\/#breadcrumb","itemListElement":[{"@type":"ListItem","position":1,"name":"Home","item":"https:\/\/www.werendijke.nl\/wordpressde\/"},{"@type":"ListItem","position":2,"name":"Buchen Campingplatz Werendijke"}]},{"@type":"WebSite","@id":"https:\/\/www.werendijke.nl\/wordpressde\/#website","url":"https:\/\/www.werendijke.nl\/wordpressde\/","name":"Mini-Campingplatz | Zoutelande, Zeeland | Werendijke","description":"Mini-Campingplatz | Zoutelande, Zeeland | Werendijke","publisher":{"@id":"https:\/\/www.werendijke.nl\/wordpressde\/#organization"},"potentialAction":[{"@type":"SearchAction","target":{"@type":"EntryPoint","urlTemplate":"https:\/\/www.werendijke.nl\/wordpressde\/?s={search_term_string}"},"query-input":{"@type":"PropertyValueSpecification","valueRequired":true,"valueName":"search_term_string"}}],"inLanguage":"nl-NL"},{"@type":"Organization","@id":"https:\/\/www.werendijke.nl\/wordpressde\/#organization","name":"Campingplatz Werendijke","url":"https:\/\/www.werendijke.nl\/wordpressde\/","logo":{"@type":"ImageObject","inLanguage":"nl-NL","@id":"https:\/\/www.werendijke.nl\/wordpressde\/#\/schema\/logo\/image\/","url":"https:\/\/www.werendijke.nl\/wordpressde\/wp-content\/uploads\/logo_met-tekst_klein.jpg","contentUrl":"https:\/\/www.werendijke.nl\/wordpressde\/wp-content\/uploads\/logo_met-tekst_klein.jpg","width":135,"height":135,"caption":"Campingplatz Werendijke"},"image":{"@id":"https:\/\/www.werendijke.nl\/wordpressde\/#\/schema\/logo\/image\/"}}]}},"_links":{"self":[{"href":"https:\/\/www.werendijke.nl\/wordpressde\/wp-json\/wp\/v2\/pages\/173","targetHints":{"allow":["GET"]}}],"collection":[{"href":"https:\/\/www.werendijke.nl\/wordpressde\/wp-json\/wp\/v2\/pages"}],"about":[{"href":"https:\/\/www.werendijke.nl\/wordpressde\/wp-json\/wp\/v2\/types\/page"}],"author":[{"embeddable":true,"href":"https:\/\/www.werendijke.nl\/wordpressde\/wp-json\/wp\/v2\/users\/2"}],"replies":[{"embeddable":true,"href":"https:\/\/www.werendijke.nl\/wordpressde\/wp-json\/wp\/v2\/comments?post=173"}],"version-history":[{"count":29,"href":"https:\/\/www.werendijke.nl\/wordpressde\/wp-json\/wp\/v2\/pages\/173\/revisions"}],"predecessor-version":[{"id":1291,"href":"https:\/\/www.werendijke.nl\/wordpressde\/wp-json\/wp\/v2\/pages\/173\/revisions\/1291"}],"wp:featuredmedia":[{"embeddable":true,"href":"https:\/\/www.werendijke.nl\/wordpressde\/wp-json\/wp\/v2\/media\/579"}],"wp:attachment":[{"href":"https:\/\/www.werendijke.nl\/wordpressde\/wp-json\/wp\/v2\/media?parent=173"}],"curies":[{"name":"wp","href":"https:\/\/api.w.org\/{rel}","templated":true}]}}