{"id":329,"date":"2015-06-02T17:03:52","date_gmt":"2015-06-02T15:03:52","guid":{"rendered":"http:\/\/www.werendijke.nl\/wordpressde\/?page_id=329"},"modified":"2026-04-16T20:39:44","modified_gmt":"2026-04-16T18:39:44","slug":"preise-campingplatz-werendijke","status":"publish","type":"page","link":"https:\/\/www.werendijke.nl\/wordpressde\/preise-campingplatz-werendijke\/","title":{"rendered":"Preise Campingplatz Werendijke"},"content":{"rendered":"<p>Hier finden Sie die Preise vom Campingplatz Werendijke. Sehen Sie unter <a title=\"Mini-Camping | Zoutelande, Zeeland | Werendijke | Kloostertuin - Ausstattung\" href=\"http:\/\/www.werendijke.nl\/wordpressde\/ausstattung\/\">Ausstattung<\/a> die Unterschiede zwischen Standard und Komfort Pl\u00e4tzen.<\/p>\n<p><span style=\"font-size: 12pt;\"><em>Keine (Vor-\/Nach-)Saisonpl\u00e4tze verf\u00fcgbar. F\u00fcr Wohmobile gilt der Standardplatz. Gro\u00dfe Zelte immer auf Anfrage wegen begrenzter Anzahl verf\u00fcgbarer Pl\u00e4tze.<\/em><\/span><\/p>\n<h2>Minicamping Werendijke Preise 2026<\/h2>\n<table style=\"height: 340px; width: 96.4143%; border-collapse: collapse; border-style: solid;\">\n<thead>\n<tr style=\"height: 1px;\">\n<td style=\"width: 25.7931%; height: 22px;\"><strong>Periode (2026)<\/strong><\/td>\n<td style=\"width: 25.7714%; height: 22px; text-align: right;\"><strong>Standard (Platz 1\/2)<\/strong><\/td>\n<td style=\"width: 22.6987%; height: 22px; text-align: right;\"><strong>Komfort (Platz 3)<\/strong><\/td>\n<td style=\"width: 75.9044%; height: 22px; text-align: right;\"><strong>Kl. Zelt (Platz 1\/2)<\/strong><\/td>\n<\/tr>\n<\/thead>\n<tbody>\n<tr style=\"height: 1px;\">\n<td style=\"width: 25.7931%; height: 10px;\">27 mrt &#8211; 2 apr<\/td>\n<td style=\"width: 25.7714%; height: 10px; text-align: right;\">28<\/td>\n<td style=\"width: 22.6987%; height: 10px; text-align: right;\">34<\/td>\n<td style=\"width: 72.6274%; height: 10px; text-align: right;\">22<\/td>\n<\/tr>\n<tr style=\"height: 1px; background-color: #e6f5e6;\">\n<td style=\"width: 25.7931%; height: 22px;\">2 apr &#8211; 7 apr<\/td>\n<td style=\"width: 25.7714%; height: 22px; text-align: right;\">40<\/td>\n<td style=\"width: 22.6987%; height: 22px; text-align: right;\">50<\/td>\n<td style=\"width: 72.6274%; height: 22px; text-align: right;\">30<\/td>\n<\/tr>\n<tr style=\"height: 1px;\">\n<td style=\"width: 25.7931%; height: 22px;\">7 apr &#8211; 24 apr<\/td>\n<td style=\"width: 25.7714%; height: 22px; text-align: right;\">38<\/td>\n<td style=\"width: 22.6987%; height: 22px; text-align: right;\">48<\/td>\n<td style=\"width: 72.6274%; height: 22px; text-align: right;\">25<\/td>\n<\/tr>\n<tr style=\"height: 1px; background-color: #e6f5e6;\">\n<td style=\"width: 25.7931%; height: 22px;\">24 apr &#8211; 3 mei<\/td>\n<td style=\"width: 25.7714%; height: 22px; text-align: right;\">40<\/td>\n<td style=\"width: 22.6987%; height: 22px; text-align: right;\">50<\/td>\n<td style=\"width: 72.6274%; height: 22px; text-align: right;\">30<\/td>\n<\/tr>\n<tr style=\"height: 1px;\">\n<td style=\"width: 25.7931%; height: 22px;\">3 mei &#8211; 13 mei<\/td>\n<td style=\"width: 25.7714%; height: 22px; text-align: right;\">34<\/td>\n<td style=\"width: 22.6987%; height: 22px; text-align: right;\">40<\/td>\n<td style=\"width: 72.6274%; height: 22px; text-align: right;\">25<\/td>\n<\/tr>\n<tr style=\"height: 1px; background-color: #e6f5e6;\">\n<td style=\"width: 25.7931%; height: 22px;\">13 mei &#8211; 26 mei<\/td>\n<td style=\"width: 25.7714%; height: 22px; text-align: right;\">42<\/td>\n<td style=\"width: 22.6987%; height: 22px; text-align: right;\">52<\/td>\n<td style=\"width: 72.6274%; height: 22px; text-align: right;\">33<\/td>\n<\/tr>\n<tr style=\"height: 1px;\">\n<td style=\"width: 25.7931%; height: 22px;\">26 mei &#8211; 3 jun<\/td>\n<td style=\"width: 25.7714%; height: 22px; text-align: right;\">38<\/td>\n<td style=\"width: 22.6987%; height: 22px; text-align: right;\">48<\/td>\n<td style=\"width: 72.6274%; height: 22px; text-align: right;\">28<\/td>\n<\/tr>\n<tr style=\"height: 1px; background-color: #e6f5e6;\">\n<td style=\"width: 25.7931%; height: 22px;\">3 jun &#8211; 3 jul<\/td>\n<td style=\"width: 25.7714%; height: 22px; text-align: right;\">40<\/td>\n<td style=\"width: 22.6987%; height: 22px; text-align: right;\">50<\/td>\n<td style=\"width: 72.6274%; height: 22px; text-align: right;\">30<\/td>\n<\/tr>\n<tr style=\"height: 1px;\">\n<td style=\"width: 25.7931%; height: 22px;\">3 jul &#8211; 30 aug<\/td>\n<td style=\"width: 25.7714%; height: 22px; text-align: right;\">46<\/td>\n<td style=\"width: 22.6987%; height: 22px; text-align: right;\">56<\/td>\n<td style=\"width: 72.6274%; height: 22px; text-align: right;\">35<\/td>\n<\/tr>\n<tr style=\"height: 1px; background-color: #e6f5e6;\">\n<td style=\"width: 25.7931%; height: 22px;\">30 aug &#8211; 13 sep<\/td>\n<td style=\"width: 25.7714%; height: 22px; text-align: right;\">38<\/td>\n<td style=\"width: 22.6987%; height: 22px; text-align: right;\">48<\/td>\n<td style=\"width: 72.6274%; height: 22px; text-align: right;\">28<\/td>\n<\/tr>\n<tr style=\"height: 1px;\">\n<td style=\"width: 25.7931%; height: 22px;\">13 sep &#8211; 20 sep<\/td>\n<td style=\"width: 25.7714%; height: 22px; text-align: right;\">32<\/td>\n<td style=\"width: 22.6987%; height: 22px; text-align: right;\">40<\/td>\n<td style=\"width: 72.6274%; height: 22px; text-align: right;\">25<\/td>\n<\/tr>\n<tr style=\"height: 1px; background-color: #e6f5e6;\">\n<td style=\"width: 25.7931%; height: 22px;\">20 sep &#8211; 1 okt<\/td>\n<td style=\"width: 25.7714%; height: 22px; text-align: right;\">28<\/td>\n<td style=\"width: 22.6987%; height: 22px; text-align: right;\">34<\/td>\n<td style=\"width: 72.6274%; height: 22px; text-align: right;\">22<\/td>\n<\/tr>\n<tr style=\"height: 1px;\">\n<td style=\"width: 25.7931%; height: 22px;\">1 okt &#8211; 5 okt<\/td>\n<td style=\"width: 25.7714%; height: 22px; text-align: right;\">30<\/td>\n<td style=\"width: 22.6987%; height: 22px; text-align: right;\">36<\/td>\n<td style=\"width: 72.6274%; height: 22px; text-align: right;\">25<\/td>\n<\/tr>\n<tr style=\"height: 1px; background-color: #e6f5e6;\">\n<td style=\"width: 25.7931%; height: 22px;\">5 okt &#8211; 26 okt<\/td>\n<td style=\"width: 25.7714%; height: 22px; text-align: right;\">28<\/td>\n<td style=\"width: 22.6987%; height: 22px; text-align: right;\">34<\/td>\n<td style=\"width: 72.6274%; height: 22px; text-align: right;\">22<\/td>\n<\/tr>\n<\/tbody>\n<\/table>\n<p><span style=\"font-size: 10pt;\">Gennante Preise gelten f\u00fcr 2 pers. inkl. 9% MwSt., Strom (ausser kl. Zelt Platz), Wasser, W-LAN, Sanit\u00e4r und 1 Auto, exkl. Touristenabgabe (\u20ac 1,70 pP\/pN) und Reservierungsgeb\u00fchr (\u20ac 5). Kleines Zelt is max. 8m2 und 1.50m hoch. F\u00fcr viele Perioden gilt eine Mindestanzahl an \u00dcbernachtungen und\/oder es kann nur Sa-Sa gebucht werden.<\/span><\/p>\n<table style=\"border-collapse: collapse; width: 40.4894%;\">\n<tbody>\n<tr>\n<td style=\"width: 22.2856%;\"><strong>Extras<\/strong><\/td>\n<td style=\"width: 5.74674%;\">&nbsp;<\/td>\n<\/tr>\n<tr style=\"height: 22px;\">\n<td style=\"width: 22.2856%; height: 22px;\">Kinder bis 12 Jahre<\/td>\n<td style=\"width: 5.74674%; height: 22px; text-align: right;\">4,50<\/td>\n<\/tr>\n<tr style=\"height: 22px;\">\n<td style=\"width: 22.2856%; height: 22px;\">Kinder 12-18 Jahre<\/td>\n<td style=\"width: 5.74674%; height: 22px; text-align: right;\">5,50<\/td>\n<\/tr>\n<tr style=\"height: 22px;\">\n<td style=\"width: 22.2856%; height: 22px;\">Erwachsene<\/td>\n<td style=\"width: 5.74674%; height: 22px; text-align: right;\">6,50<\/td>\n<\/tr>\n<tr style=\"height: 22px;\">\n<td style=\"width: 22.2856%; height: 22px;\">Kleines Zelt (max. 8m2)<\/td>\n<td style=\"width: 5.74674%; height: 22px; text-align: right;\">4,50<\/td>\n<\/tr>\n<tr style=\"height: 22px;\">\n<td style=\"width: 22.2856%; height: 22px;\">Hund (max. 1)<\/td>\n<td style=\"width: 5.74674%; height: 22px; text-align: right;\">4,50<\/td>\n<\/tr>\n<tr style=\"height: 22px;\">\n<td style=\"width: 22.2856%; height: 22px;\">Weiteres Auto<\/td>\n<td style=\"width: 5.74674%; height: 22px; text-align: right;\">5,00<\/td>\n<\/tr>\n<tr style=\"height: 22px;\">\n<td style=\"width: 22.2856%; height: 22px;\">Strom kleines Zelt<\/td>\n<td style=\"width: 5.74674%; height: 22px; text-align: right;\">3,00<\/td>\n<\/tr>\n<tr style=\"height: 22px;\">\n<td style=\"width: 22.2856%; height: 22px;\">Tagesbesuch p.P.<\/td>\n<td style=\"width: 5.74674%; height: 22px; text-align: right;\">1,50<\/td>\n<\/tr>\n<tr style=\"height: 22px;\">\n<td style=\"width: 22.2856%; height: 22px;\">Auto Tagesbesuch<\/td>\n<td style=\"width: 5.74674%; height: 22px; text-align: right;\">5,00<\/td>\n<\/tr>\n<\/tbody>\n<\/table>\n<p><span style=\"font-size: 10pt;\">Alle Angaben sind ohne Gew\u00e4hr. \u00c4nderungen vorbehalten.<\/span><\/p>\n<p>Sofort <a title=\"Mini-Camping | Zoutelande, Zeeland | Werendijke | Kloostertuin - Suchen &amp; buchen\" href=\"http:\/\/www.werendijke.nl\/wordpressde\/suchen-buchen\/\">die Verf\u00fcgbarkeit checken und buchen<\/a>.<\/p>\n<h2>Sonstige Preise und Informationen Minicamping Werendijke<\/h2>\n<h3>Tagesg\u00e4ste<\/h3>\n<p>F\u00fcr Tagesg\u00e4ste berechnen wir 1,50 \u20ac pro Person und Tag (+ 5 \u20ac pro evtl. Auto). Mit Tagesgast ist jeder gemeint, der nicht auf unserem Campingplatz \u00fcbernachtet. Als Gast sind Sie daf\u00fcr verantwortlich, Ihre Besucher im Voraus anzumelden und zu bezahlen. F\u00fcr Tagesg\u00e4ste ist die Nutzung der (Au\u00dfen-) Duschen nicht zugelassen. Weiterhin ist es Tagesg\u00e4sten nicht gestattet einen Hund mit zu bringen. Die maximale Besucherzahl pro Platz inklusive Tagesg\u00e4ste ist 6.<\/p>\n<h3>Versicherung<\/h3>\n<p>Es wird immer empfohlen, eine Reise- und Reiser\u00fccktrittsversicherung abzuschliessen. Im Falle einer Stornierung, vorzeitiger Abreise oder sp\u00e4tere Anreise, gew\u00e4hrt Minicamping Werendijke keine R\u00fcckerstattung in Formvon Geld\/Gutschein, noch kann die Buchung auf einen anderen Termin verschoben werden. Sie haben die M\u00f6glichkeit, Ihre Buchung bis zum ersten Zahlungstermin kostenlos zu stornieren.<\/p>\n<h3>Zahlung<\/h3>\n<p>Zwei Wochen nach Buchungsbest\u00e4tigung ist eine Anzahlung von 50% f\u00e4llig. Die Restzahlung erfolgt zwei Wochen vor Anreise. Bei Last-Minute-Buchungen muss der gesamte Betrag innerhalb von zwei Tagen bezahlt werden.<\/p>\n<h3>An- und Abreise<\/h3>\n<p>Der Check-In ist zwischen 13:00 Uhr und 17:00 Uhr m\u00f6glich. Sie k\u00f6nnen bei fr\u00fchzeitiger R\u00fccksprache sp\u00e4ter anreisen. Der Check-Out erfolgt bis sp\u00e4testens 11:00 Uhr. Tagesnutzung der Einrichtungen ist in Absprache m\u00f6glich.<\/p>\n<h3>Aerotex<\/h3>\n<p>Zum Schutz des Bodens und des Grases sind Vorzeltunterlagen aus Kunstoff sowie (Anti-) Wurzelplane oder Grundtuch bei uns nicht gestattet. Wir bitten stattdessen, Vorzeltunterlagen aus Gummi (Aerotex) zu verwenden.<\/p>\n","protected":false},"excerpt":{"rendered":"<p>Hier finden Sie die Preise vom Campingplatz Werendijke. Sehen Sie unter Ausstattung die Unterschiede zwischen Standard und Komfort Pl\u00e4tzen. Keine (Vor-\/Nach-)Saisonpl\u00e4tze verf\u00fcgbar. F\u00fcr Wohmobile gilt der Standardplatz. Gro\u00dfe Zelte immer auf Anfrage wegen begrenzter Anzahl verf\u00fcgbarer Pl\u00e4tze. Minicamping Werendijke Preise 2026 Periode (2026) Standard (Platz 1\/2) Komfort (Platz 3) Kl. Zelt (Platz 1\/2) 27 mrt &#8211; 2 apr 28 34 22 2 apr &#8211; 7 apr 40 50 30 7&hellip; <\/p>\n","protected":false},"author":2,"featured_media":0,"parent":0,"menu_order":0,"comment_status":"closed","ping_status":"closed","template":"","meta":{"ngg_post_thumbnail":0,"footnotes":""},"class_list":["post-329","page","type-page","status-publish","hentry"],"yoast_head":"<!-- This site is optimized with the Yoast SEO plugin v27.4 - https:\/\/yoast.com\/product\/yoast-seo-wordpress\/ -->\n<title>Preise Campingplatz Werendijke - Mini-Campingplatz | Zoutelande, Zeeland | Werendijke<\/title>\n<meta name=\"robots\" content=\"index, follow, max-snippet:-1, max-image-preview:large, max-video-preview:-1\" \/>\n<link rel=\"canonical\" href=\"https:\/\/www.werendijke.nl\/wordpressde\/preise-campingplatz-werendijke\/\" \/>\n<meta property=\"og:locale\" content=\"nl_NL\" \/>\n<meta property=\"og:type\" content=\"article\" \/>\n<meta property=\"og:title\" content=\"Preise Campingplatz Werendijke - Mini-Campingplatz | Zoutelande, Zeeland | Werendijke\" \/>\n<meta property=\"og:description\" content=\"Hier finden Sie die Preise vom Campingplatz Werendijke. Sehen Sie unter Ausstattung die Unterschiede zwischen Standard und Komfort Pl\u00e4tzen. Keine (Vor-\/Nach-)Saisonpl\u00e4tze verf\u00fcgbar. F\u00fcr Wohmobile gilt der Standardplatz. Gro\u00dfe Zelte immer auf Anfrage wegen begrenzter Anzahl verf\u00fcgbarer Pl\u00e4tze. Minicamping Werendijke Preise 2026 Periode (2026) Standard (Platz 1\/2) Komfort (Platz 3) Kl. Zelt (Platz 1\/2) 27 mrt &#8211; 2 apr 28 34 22 2 apr &#8211; 7 apr 40 50 30 7&hellip;\" \/>\n<meta property=\"og:url\" content=\"https:\/\/www.werendijke.nl\/wordpressde\/preise-campingplatz-werendijke\/\" \/>\n<meta property=\"og:site_name\" content=\"Mini-Campingplatz | Zoutelande, Zeeland | Werendijke\" \/>\n<meta property=\"article:modified_time\" content=\"2026-04-16T18:39:44+00:00\" \/>\n<meta name=\"twitter:card\" content=\"summary_large_image\" \/>\n<script type=\"application\/ld+json\" class=\"yoast-schema-graph\">{\"@context\":\"https:\\\/\\\/schema.org\",\"@graph\":[{\"@type\":\"WebPage\",\"@id\":\"https:\\\/\\\/www.werendijke.nl\\\/wordpressde\\\/preise-campingplatz-werendijke\\\/\",\"url\":\"https:\\\/\\\/www.werendijke.nl\\\/wordpressde\\\/preise-campingplatz-werendijke\\\/\",\"name\":\"Preise Campingplatz Werendijke - Mini-Campingplatz | Zoutelande, Zeeland | Werendijke\",\"isPartOf\":{\"@id\":\"https:\\\/\\\/www.werendijke.nl\\\/wordpressde\\\/#website\"},\"datePublished\":\"2015-06-02T15:03:52+00:00\",\"dateModified\":\"2026-04-16T18:39:44+00:00\",\"breadcrumb\":{\"@id\":\"https:\\\/\\\/www.werendijke.nl\\\/wordpressde\\\/preise-campingplatz-werendijke\\\/#breadcrumb\"},\"inLanguage\":\"nl-NL\",\"potentialAction\":[{\"@type\":\"ReadAction\",\"target\":[\"https:\\\/\\\/www.werendijke.nl\\\/wordpressde\\\/preise-campingplatz-werendijke\\\/\"]}]},{\"@type\":\"BreadcrumbList\",\"@id\":\"https:\\\/\\\/www.werendijke.nl\\\/wordpressde\\\/preise-campingplatz-werendijke\\\/#breadcrumb\",\"itemListElement\":[{\"@type\":\"ListItem\",\"position\":1,\"name\":\"Home\",\"item\":\"https:\\\/\\\/www.werendijke.nl\\\/wordpressde\\\/\"},{\"@type\":\"ListItem\",\"position\":2,\"name\":\"Preise Campingplatz Werendijke\"}]},{\"@type\":\"WebSite\",\"@id\":\"https:\\\/\\\/www.werendijke.nl\\\/wordpressde\\\/#website\",\"url\":\"https:\\\/\\\/www.werendijke.nl\\\/wordpressde\\\/\",\"name\":\"Mini-Campingplatz | Zoutelande, Zeeland | Werendijke\",\"description\":\"Mini-Campingplatz | Zoutelande, Zeeland | Werendijke\",\"publisher\":{\"@id\":\"https:\\\/\\\/www.werendijke.nl\\\/wordpressde\\\/#organization\"},\"potentialAction\":[{\"@type\":\"SearchAction\",\"target\":{\"@type\":\"EntryPoint\",\"urlTemplate\":\"https:\\\/\\\/www.werendijke.nl\\\/wordpressde\\\/?s={search_term_string}\"},\"query-input\":{\"@type\":\"PropertyValueSpecification\",\"valueRequired\":true,\"valueName\":\"search_term_string\"}}],\"inLanguage\":\"nl-NL\"},{\"@type\":\"Organization\",\"@id\":\"https:\\\/\\\/www.werendijke.nl\\\/wordpressde\\\/#organization\",\"name\":\"Campingplatz Werendijke\",\"url\":\"https:\\\/\\\/www.werendijke.nl\\\/wordpressde\\\/\",\"logo\":{\"@type\":\"ImageObject\",\"inLanguage\":\"nl-NL\",\"@id\":\"https:\\\/\\\/www.werendijke.nl\\\/wordpressde\\\/#\\\/schema\\\/logo\\\/image\\\/\",\"url\":\"https:\\\/\\\/www.werendijke.nl\\\/wordpressde\\\/wp-content\\\/uploads\\\/logo_met-tekst_klein.jpg\",\"contentUrl\":\"https:\\\/\\\/www.werendijke.nl\\\/wordpressde\\\/wp-content\\\/uploads\\\/logo_met-tekst_klein.jpg\",\"width\":135,\"height\":135,\"caption\":\"Campingplatz Werendijke\"},\"image\":{\"@id\":\"https:\\\/\\\/www.werendijke.nl\\\/wordpressde\\\/#\\\/schema\\\/logo\\\/image\\\/\"}}]}<\/script>\n<!-- \/ Yoast SEO plugin. -->","yoast_head_json":{"title":"Preise Campingplatz Werendijke - Mini-Campingplatz | Zoutelande, Zeeland | Werendijke","robots":{"index":"index","follow":"follow","max-snippet":"max-snippet:-1","max-image-preview":"max-image-preview:large","max-video-preview":"max-video-preview:-1"},"canonical":"https:\/\/www.werendijke.nl\/wordpressde\/preise-campingplatz-werendijke\/","og_locale":"nl_NL","og_type":"article","og_title":"Preise Campingplatz Werendijke - Mini-Campingplatz | Zoutelande, Zeeland | Werendijke","og_description":"Hier finden Sie die Preise vom Campingplatz Werendijke. Sehen Sie unter Ausstattung die Unterschiede zwischen Standard und Komfort Pl\u00e4tzen. Keine (Vor-\/Nach-)Saisonpl\u00e4tze verf\u00fcgbar. F\u00fcr Wohmobile gilt der Standardplatz. Gro\u00dfe Zelte immer auf Anfrage wegen begrenzter Anzahl verf\u00fcgbarer Pl\u00e4tze. Minicamping Werendijke Preise 2026 Periode (2026) Standard (Platz 1\/2) Komfort (Platz 3) Kl. Zelt (Platz 1\/2) 27 mrt &#8211; 2 apr 28 34 22 2 apr &#8211; 7 apr 40 50 30 7&hellip;","og_url":"https:\/\/www.werendijke.nl\/wordpressde\/preise-campingplatz-werendijke\/","og_site_name":"Mini-Campingplatz | Zoutelande, Zeeland | Werendijke","article_modified_time":"2026-04-16T18:39:44+00:00","twitter_card":"summary_large_image","schema":{"@context":"https:\/\/schema.org","@graph":[{"@type":"WebPage","@id":"https:\/\/www.werendijke.nl\/wordpressde\/preise-campingplatz-werendijke\/","url":"https:\/\/www.werendijke.nl\/wordpressde\/preise-campingplatz-werendijke\/","name":"Preise Campingplatz Werendijke - Mini-Campingplatz | Zoutelande, Zeeland | Werendijke","isPartOf":{"@id":"https:\/\/www.werendijke.nl\/wordpressde\/#website"},"datePublished":"2015-06-02T15:03:52+00:00","dateModified":"2026-04-16T18:39:44+00:00","breadcrumb":{"@id":"https:\/\/www.werendijke.nl\/wordpressde\/preise-campingplatz-werendijke\/#breadcrumb"},"inLanguage":"nl-NL","potentialAction":[{"@type":"ReadAction","target":["https:\/\/www.werendijke.nl\/wordpressde\/preise-campingplatz-werendijke\/"]}]},{"@type":"BreadcrumbList","@id":"https:\/\/www.werendijke.nl\/wordpressde\/preise-campingplatz-werendijke\/#breadcrumb","itemListElement":[{"@type":"ListItem","position":1,"name":"Home","item":"https:\/\/www.werendijke.nl\/wordpressde\/"},{"@type":"ListItem","position":2,"name":"Preise Campingplatz Werendijke"}]},{"@type":"WebSite","@id":"https:\/\/www.werendijke.nl\/wordpressde\/#website","url":"https:\/\/www.werendijke.nl\/wordpressde\/","name":"Mini-Campingplatz | Zoutelande, Zeeland | Werendijke","description":"Mini-Campingplatz | Zoutelande, Zeeland | Werendijke","publisher":{"@id":"https:\/\/www.werendijke.nl\/wordpressde\/#organization"},"potentialAction":[{"@type":"SearchAction","target":{"@type":"EntryPoint","urlTemplate":"https:\/\/www.werendijke.nl\/wordpressde\/?s={search_term_string}"},"query-input":{"@type":"PropertyValueSpecification","valueRequired":true,"valueName":"search_term_string"}}],"inLanguage":"nl-NL"},{"@type":"Organization","@id":"https:\/\/www.werendijke.nl\/wordpressde\/#organization","name":"Campingplatz Werendijke","url":"https:\/\/www.werendijke.nl\/wordpressde\/","logo":{"@type":"ImageObject","inLanguage":"nl-NL","@id":"https:\/\/www.werendijke.nl\/wordpressde\/#\/schema\/logo\/image\/","url":"https:\/\/www.werendijke.nl\/wordpressde\/wp-content\/uploads\/logo_met-tekst_klein.jpg","contentUrl":"https:\/\/www.werendijke.nl\/wordpressde\/wp-content\/uploads\/logo_met-tekst_klein.jpg","width":135,"height":135,"caption":"Campingplatz Werendijke"},"image":{"@id":"https:\/\/www.werendijke.nl\/wordpressde\/#\/schema\/logo\/image\/"}}]}},"_links":{"self":[{"href":"https:\/\/www.werendijke.nl\/wordpressde\/wp-json\/wp\/v2\/pages\/329","targetHints":{"allow":["GET"]}}],"collection":[{"href":"https:\/\/www.werendijke.nl\/wordpressde\/wp-json\/wp\/v2\/pages"}],"about":[{"href":"https:\/\/www.werendijke.nl\/wordpressde\/wp-json\/wp\/v2\/types\/page"}],"author":[{"embeddable":true,"href":"https:\/\/www.werendijke.nl\/wordpressde\/wp-json\/wp\/v2\/users\/2"}],"replies":[{"embeddable":true,"href":"https:\/\/www.werendijke.nl\/wordpressde\/wp-json\/wp\/v2\/comments?post=329"}],"version-history":[{"count":93,"href":"https:\/\/www.werendijke.nl\/wordpressde\/wp-json\/wp\/v2\/pages\/329\/revisions"}],"predecessor-version":[{"id":1293,"href":"https:\/\/www.werendijke.nl\/wordpressde\/wp-json\/wp\/v2\/pages\/329\/revisions\/1293"}],"wp:attachment":[{"href":"https:\/\/www.werendijke.nl\/wordpressde\/wp-json\/wp\/v2\/media?parent=329"}],"curies":[{"name":"wp","href":"https:\/\/api.w.org\/{rel}","templated":true}]}}