{"id":48,"date":"2009-07-26T13:33:43","date_gmt":"2009-07-26T11:33:43","guid":{"rendered":"http:\/\/www.werendijke.nl\/wordpressde\/?page_id=48"},"modified":"2025-11-26T09:58:25","modified_gmt":"2025-11-26T08:58:25","slug":"ausstattung-campingplatz-werendijke","status":"publish","type":"page","link":"https:\/\/www.werendijke.nl\/wordpressde\/ausstattung-campingplatz-werendijke\/","title":{"rendered":"Ausstattung Campingplatz Werendijke"},"content":{"rendered":"<p>Mini-Camping Werendijke verf\u00fcgt \u00fcber Standard- und Komfortpl\u00e4tze mit allen modernen Einrichtungen, die Sie von einem Mini-Camping erwarten. Zum Beispiel <strong>gro\u00dfe Stellpl\u00e4tze<\/strong>, ein <strong>luxuri\u00f6ses Bad<\/strong>, <strong>WLAN<\/strong> und einen <strong>Aufenthaltsraum<\/strong>. Und all dies in liebevoller und gewissenhafter Weise hergerichtet, denn unser Mini-Camping ist genau daf\u00fcr mit dem <strong>Umweltsiegel <a title=\"Campingplatz | Zoutelande, Zeeland | Werendijke | Klostergarten - Green Key\" href=\"http:\/\/www.werendijke.nl\/wordpressde\/nachhaltigkeit-campingplatz-werendijke\/\">\u201eGolden Green Key\u201c<\/a><\/strong> ausgezeichnet. Was Mini-Camping Werendijke wirklich einzigartig macht ist dabei auch unser authentischer&nbsp;<strong><a title=\"Campingplatz | Zoutelande, Zeeland | Werendijke | Klostergarten - Klostergarten\" href=\"http:\/\/www.werendijke.nl\/wordpressde\/klostergarten-campingplatz-werendijke\/\">Klostergarten<\/a><\/strong>.<\/p>\n<p>Hierunter finden Sie den Unterschied zwischen Standardplatz und Komfortplatz.<\/p>\n<h2>\u00dcberblick Ausstattung Campingplatz Werendijke<\/h2>\n<table style=\"height: 484px; width: 80.0499%; border-collapse: collapse; border-style: solid; border-color: #000000;\">\n<tbody>\n<tr>\n<td style=\"width: 36.9458%;\"><strong>Einrichtungen<\/strong><\/td>\n<td style=\"width: 25.9303%; text-align: right;\"><strong>Standard (Platz 1\/2)<\/strong><\/td>\n<td style=\"width: 25.2604%; text-align: right;\"><strong>Komfort (Platz 3)**<\/strong><\/td>\n<\/tr>\n<tr>\n<td style=\"width: 36.9458%;\">Oberfl\u00e4che*<\/td>\n<td style=\"width: 25.9303%; text-align: right;\">125m2<\/td>\n<td style=\"width: 25.2604%; text-align: right;\">150m2<\/td>\n<\/tr>\n<tr>\n<td style=\"width: 36.9458%;\">Elektrizit\u00e4t<\/td>\n<td style=\"width: 25.9303%; text-align: right;\">Ja (8A)<\/td>\n<td style=\"width: 25.2604%; text-align: right;\">Ja (10A)<\/td>\n<\/tr>\n<tr>\n<td style=\"width: 36.9458%;\">Panorama Aussendusche<\/td>\n<td style=\"width: 25.9303%; text-align: right;\">Ja<\/td>\n<td style=\"width: 25.2604%; text-align: right;\">Ja<\/td>\n<\/tr>\n<tr>\n<td style=\"width: 36.9458%;\">Gratis W-LAN Internet<\/td>\n<td style=\"width: 25.9303%; text-align: right;\">Ja<\/td>\n<td style=\"width: 25.2604%; text-align: right;\">Ja<\/td>\n<\/tr>\n<tr>\n<td style=\"width: 36.9458%;\">Duschen ohne M\u00fcnzsystem<\/td>\n<td style=\"width: 25.9303%; text-align: right;\">Ja<\/td>\n<td style=\"width: 25.2604%; text-align: right;\">Ja<\/td>\n<\/tr>\n<tr>\n<td style=\"width: 36.9458%;\">Fussbodenheizung im Bad<\/td>\n<td style=\"width: 25.9303%; text-align: right;\">Ja<\/td>\n<td style=\"width: 25.2604%; text-align: right;\">Ja<\/td>\n<\/tr>\n<tr>\n<td style=\"width: 36.9458%;\">Abwaschraum im Hause<\/td>\n<td style=\"width: 25.9303%; text-align: right;\">Ja<\/td>\n<td style=\"width: 25.2604%; text-align: right;\">Ja<\/td>\n<\/tr>\n<tr>\n<td style=\"width: 36.9458%;\">Zutritt Klostergarten<\/td>\n<td style=\"width: 25.9303%; text-align: right;\">Ja<\/td>\n<td style=\"width: 25.2604%; text-align: right;\">Ja<\/td>\n<\/tr>\n<tr>\n<td style=\"width: 36.9458%;\">F\u00f6hn<\/td>\n<td style=\"width: 25.9303%; text-align: right;\">Ja<\/td>\n<td style=\"width: 25.2604%; text-align: right;\">Ja<\/td>\n<\/tr>\n<tr>\n<td style=\"width: 36.9458%;\">Wasserzufuhr*<\/td>\n<td style=\"width: 25.9303%; text-align: right;\">Ja<\/td>\n<td style=\"width: 25.2604%; text-align: right;\">Ja<\/td>\n<\/tr>\n<tr>\n<td style=\"width: 36.9458%;\">Wasserabfluss*<\/td>\n<td style=\"width: 25.9303%; text-align: right;\">Nein<\/td>\n<td style=\"width: 25.2604%; text-align: right;\">Ja<\/td>\n<\/tr>\n<tr>\n<td style=\"width: 36.9458%;\">Babybadewanne + Windelkissen<\/td>\n<td style=\"width: 25.9303%; text-align: right;\">Auf Anfrage<\/td>\n<td style=\"width: 25.2604%; text-align: right;\">Ja<\/td>\n<\/tr>\n<tr>\n<td style=\"width: 36.9458%;\">Familienduschen<\/td>\n<td style=\"width: 25.9303%; text-align: right;\">Nein<\/td>\n<td style=\"width: 25.2604%; text-align: right;\">Ja<\/td>\n<\/tr>\n<tr>\n<td style=\"width: 36.9458%;\">D\u00fcnensicht<\/td>\n<td style=\"width: 25.9303%; text-align: right;\">Nein<\/td>\n<td style=\"width: 25.2604%; text-align: right;\">Ja<\/td>\n<\/tr>\n<\/tbody>\n<\/table>\n<p><span style=\"font-size: 11pt;\">*Gilt f\u00fcr Wohnwagen und grosse Zelte **Nicht verf\u00fcgbar f\u00fcr Wohnmobile<\/span><\/p>\n<figure style=\"width: 306px\" class=\"wp-caption alignleft\"><img loading=\"lazy\" decoding=\"async\" src=\"https:\/\/www.werendijke.nl\/wordpress\/wp-content\/gallery\/minicamping-werendijke-1\/Minicamping-Zoutelande-Zeeland-Werendijke-42.jpg\" alt=\"Minicamping Werendijke | Zoutelande - Zeeland | Standaardplaats\" width=\"306\" height=\"224\"><figcaption class=\"wp-caption-text\">Standardplatz<\/figcaption><\/figure>\n<figure style=\"width: 306px\" class=\"wp-caption alignleft\"><img loading=\"lazy\" decoding=\"async\" src=\"https:\/\/www.werendijke.nl\/wordpress\/wp-content\/gallery\/minicamping-werendijke-1\/Minicamping-Zoutelande-Zeeland-Werendijke-16.jpg\" alt=\"Minicamping Werendijke | Zoutelande - Zeeland | Comfortplaats\" width=\"306\" height=\"224\"><figcaption class=\"wp-caption-text\">Komfortplatz<\/figcaption><\/figure>\n<p>&nbsp;<\/p>\n<p style=\"text-align: center;\">&nbsp;<\/p>\n<p>&nbsp;<\/p>\n<p>&nbsp;<\/p>\n<p>&nbsp;<\/p>\n<p>&nbsp;<\/p>\n<p>Sofort ein Platz <a title=\"Campingplatz | Zoutelande, Zeeland | Werendijke | Klostergarten - Suchen buchen\" href=\"http:\/\/www.werendijke.nl\/wordpressde\/suchen-buchen\">suchen &amp; buchen.<\/a>&nbsp;Alle Preise finden Sie in der <a title=\"Campingplatz | Zoutelande, Zeeland | Werendijke | Klostergarten - Preise\" href=\"http:\/\/www.werendijke.nl\/wordpressde\/preise-campingplatz-werendijke\/\">Preis\u00fcbersicht<\/a>.<\/p>\n<h2>Wohnmobilpl\u00e4tze<\/h2>\n<ul>\n<li><span style=\"font-size: 17px; color: #000000;\">Spezielle betonierte Pl\u00e4tze f\u00fcr Wohnmobile inkl. Sanit\u00e4rnutzung, Strom, WLAN und (Trink)Wasser<\/span><\/li>\n<li><span style=\"font-size: 17px; color: #000000;\">Entsorgungsm\u00f6glichkeit f\u00fcr Schmutzwasser und f\u00fcr die Entleerung von&nbsp;Toilettenbeh\u00e4ltnissen<\/span><\/li>\n<\/ul>\n<p><img loading=\"lazy\" decoding=\"async\" class=\"alignleft\" src=\"https:\/\/www.werendijke.nl\/wordpress\/wp-content\/gallery\/minicamping-werendijke-1\/Minicamping-Zoutelande-Zeeland-Werendijke-15.jpg\" alt=\"Minicamping-Zoutelande-Zeeland-Werendijke-15\" width=\"365\" height=\"243\"><\/p>\n<h2>&nbsp;<\/h2>\n<h2>Kleine Zeltpl\u00e4tze<\/h2>\n<ul>\n<li><span style=\"font-size: 17px; color: #000000;\">Spezielle Pl\u00e4tze f\u00fcr kleine Zelte (max 8m2 und 1.50m hoch) inkl. Sanit\u00e4rnutzung, Wasser und WLAN (Strom auf Anfrage)<\/span><\/li>\n<\/ul>\n<p>Direkt&nbsp;Ihren&nbsp;<a title=\"Campingplatz | Zoutelande, Zeeland | Werendijke | Klostergarten - Suchen buchen\" href=\"http:\/\/www.werendijke.nl\/wordpressde\/suchen-buchen\">Platz f\u00fcr ein kleines Zelt<\/a>&nbsp;suchen &amp; buchen.<\/p>\n<h2>\u00dcbrige algemeine Einrichtungen<\/h2>\n<ul>\n<li><span style=\"color: #000000; font-size: 17px;\"><strong>Klostergarten<\/strong> mit Blumen, Gem\u00fcse und Obst, Garten zum Kr\u00e4uter pfl\u00fccken, Rosengarten und Meditationsecke<\/span><\/li>\n<li><span style=\"color: #000000; font-size: 17px;\">Noch nicht einmal&nbsp;<strong>einen Kilometer<\/strong> vom&nbsp;<strong>Strand<\/strong> und dem&nbsp;<strong>Zentrum<\/strong> von Zoutelande entfernt<\/span><\/li>\n<li><span style=\"color: #000000; font-size: 17px;\">Im besitz der&nbsp;<a style=\"color: #000000;\" href=\"http:\/\/www.green-key.org\" target=\"_blank\" rel=\"noopener noreferrer\">&#8220;Golden Green Key&#8221;<\/a> <strong>Umweltplakette<\/strong><\/span><\/li>\n<li><span style=\"color: #000000; font-size: 17px;\"><strong>Ladestation<\/strong> f\u00fcr Elektrofahrzeuge (gegen Geb\u00fchr)<\/span><\/li>\n<li><span style=\"color: #000000; font-size: 17px;\">Bequem erreichbar mit den \u00f6ffentlichen Verkehrsmitteln<\/span><\/li>\n<li><span style=\"color: #000000; font-size: 17px;\">Spielplatz mit Sandkasten, Trampolin, Schaukeln, Rutsche und Wippe<\/span><\/li>\n<li><span style=\"color: #000000; font-size: 17px;\"><strong>B\u00e4ckereiservice<\/strong>, t\u00e4glich (ausser Sonn- und Feiertagen)<\/span><\/li>\n<li><span style=\"color: #000000; font-size: 17px;\">Foodtruck kommt w\u00f6chentlich<\/span><\/li>\n<li><span style=\"color: #000000; font-size: 17px;\"><strong>Freizeitraum<\/strong> mit Fernseher und DVD-Spieler, Gesellschaftsspielen und Lese-ecke<\/span><\/li>\n<li><span style=\"color: #000000; font-size: 17px;\">Gro\u00dfer Spiel-\/Fu\u00dfballplatz, Joggingstrecke, Tischfu\u00dfball, Tischtennis und Go-Karts<\/span><\/li>\n<li><span style=\"color: #000000; font-size: 17px;\"><strong>Fahrradverleih<\/strong> und Fahrradstellplatz<\/span><\/li>\n<li><span style=\"color: #000000; font-size: 17px;\">M\u00f6glichkeit Kleidung zu waschen und zu trocknen<\/span><\/li>\n<li><span style=\"color: #000000; font-size: 17px;\">Automatische Externe Defibrillator (AED) vorhanden<\/span><\/li>\n<li><span style=\"color: #000000; font-size: 17px;\">Kaffeemaschine, Wasserkocher, K\u00fchlschrank, Tiefk\u00fchler, Zentrifuge, Herd, Backofen und Mikrowelle<\/span><\/li>\n<li><span style=\"color: #000000; font-size: 17px;\">Kinderhochstuhl<\/span><\/li>\n<li><span style=\"color: #000000; font-size: 17px;\"><strong>Hunde<\/strong> erlaubt, Auslaufbereich vorhanden (Hunde gegen Geb\u00fchr, max. 1, immer an der Leine (auch auf dem Stellplatz). Bitte beachten Sie: Hunde sind auf kleinen Zeltpl\u00e4tzen und bei Tagesbesuchen nicht erlaubt)<\/span><\/li>\n<li><span style=\"color: #000000; font-size: 17px;\">Tiere auf dem Bauernhof<\/span><\/li>\n<li><span style=\"color: #000000; font-size: 17px;\">M\u00f6glichkeit f\u00fcr die Entleerung von Toilettenbeh\u00e4ltnissen von Wohnmobile&nbsp;<\/span><\/li>\n<li><span style=\"color: #000000; font-size: 17px;\">Achtung: Zum Schutz des Bodens und des Grases sind Vorzeltunterlagen aus Kunstoff sowie (Anti-) Wurzelplane oder Grundtuch bei uns nicht gestattet. Wir bitten stattdessen, Vorzeltunterlagen aus Gummi (Aerotex) zu verwenden<\/span><\/li>\n<\/ul>\n<p><a href=\"https:\/\/www.werendijke.nl\/wordpressde\/minicamping-werendijke-zoutelande-zeeland-plattegrond-de-2025\/\"><img loading=\"lazy\" decoding=\"async\" class=\"alignnone wp-image-1277 size-full\" src=\"https:\/\/www.werendijke.nl\/wordpressde\/wp-content\/uploads\/Minicamping-Werendijke-Zoutelande-Zeeland-Plattegrond-DE-2025.jpg\" alt=\"Minicamping Werendijke - Zoutelande Zeeland - Lageplan\" width=\"1180\" height=\"827\" srcset=\"https:\/\/www.werendijke.nl\/wordpressde\/wp-content\/uploads\/Minicamping-Werendijke-Zoutelande-Zeeland-Plattegrond-DE-2025.jpg 1180w, https:\/\/www.werendijke.nl\/wordpressde\/wp-content\/uploads\/Minicamping-Werendijke-Zoutelande-Zeeland-Plattegrond-DE-2025-300x210.jpg 300w, https:\/\/www.werendijke.nl\/wordpressde\/wp-content\/uploads\/Minicamping-Werendijke-Zoutelande-Zeeland-Plattegrond-DE-2025-1024x718.jpg 1024w, https:\/\/www.werendijke.nl\/wordpressde\/wp-content\/uploads\/Minicamping-Werendijke-Zoutelande-Zeeland-Plattegrond-DE-2025-768x538.jpg 768w\" sizes=\"auto, (max-width: 1180px) 100vw, 1180px\" \/><\/a><\/p>\n<p><a href=\"https:\/\/www.werendijke.nl\/wordpressde\/minicamping-werendijke-zoutelande-zeeland-flyer-de-2025\/\"><img loading=\"lazy\" decoding=\"async\" class=\"alignnone wp-image-1276 size-full\" src=\"https:\/\/www.werendijke.nl\/wordpressde\/wp-content\/uploads\/Minicamping-Werendijke-Zoutelande-Zeeland-Flyer-DE-2025.jpg\" alt=\"Minicamping Werendijke - Zoutelande Zeeland - Flyer\" width=\"1178\" height=\"830\" srcset=\"https:\/\/www.werendijke.nl\/wordpressde\/wp-content\/uploads\/Minicamping-Werendijke-Zoutelande-Zeeland-Flyer-DE-2025.jpg 1178w, https:\/\/www.werendijke.nl\/wordpressde\/wp-content\/uploads\/Minicamping-Werendijke-Zoutelande-Zeeland-Flyer-DE-2025-300x211.jpg 300w, https:\/\/www.werendijke.nl\/wordpressde\/wp-content\/uploads\/Minicamping-Werendijke-Zoutelande-Zeeland-Flyer-DE-2025-1024x721.jpg 1024w, https:\/\/www.werendijke.nl\/wordpressde\/wp-content\/uploads\/Minicamping-Werendijke-Zoutelande-Zeeland-Flyer-DE-2025-768x541.jpg 768w\" sizes=\"auto, (max-width: 1178px) 100vw, 1178px\" \/><\/a><\/p>\n<p>&nbsp;<\/p>\n","protected":false},"excerpt":{"rendered":"<table style=\"width: 100%; border-collapse: collapse; border-style: hidden;\">\n<tbody>\n<tr style=\"border-style: hidden;\">\n<td style=\"width: 100%;\"><span style=\"color: #ffffff; font-family: verdana, geneva, sans-serif; font-size: 16px;\">&#8211;> 1 km von Zoutelande und Strand<\/span><\/td>\n<\/tr>\n<tr style=\"border-style: hidden;\">\n<td style=\"width: 100%;\"><span style=\"color: #ffffff; font-family: verdana, geneva, sans-serif; font-size: 16px;\">&#8211;> Sehr grosse Pl\u00e4tze<\/span><\/td>\n<\/tr>\n<tr style=\"border-style: hidden;\">\n<td style=\"width: 100%;\"><span style=\"color: #ffffff; font-family: verdana, geneva, sans-serif; font-size: 16px;\">&#8211;> Ausgezeichnete Bewertungen<\/span><\/td>\n<\/tr>\n<tr style=\"border-style: hidden;\">\n<td style=\"width: 100%;\"><span style=\"color: #ffffff; font-family: verdana, geneva, sans-serif; font-size: 16px;\">&#8211;> Einzigartiger Klostergarten<\/span><\/td>\n<\/tr>\n<tr style=\"border-style: hidden;\">\n<td style=\"width: 100%;\"><span style=\"color: #ffffff; font-family: verdana, geneva, sans-serif; font-size: 16px;\">&#8211;> Luxuri\u00f6se Ausstattung<\/span><\/td>\n<\/tr>\n<td style=\"width: 100%;\"><span style=\"color: #ffffff; font-family: verdana, geneva, sans-serif; font-size: 16px;\">&#8211;> GreenKey Umweltauszeichnung<\/span><\/td>\n<\/tr>\n<\/tbody>\n<\/table>\n","protected":false},"author":2,"featured_media":721,"parent":0,"menu_order":0,"comment_status":"closed","ping_status":"open","template":"","meta":{"ngg_post_thumbnail":0,"footnotes":""},"class_list":["post-48","page","type-page","status-publish","has-post-thumbnail","hentry"],"yoast_head":"<!-- This site is optimized with the Yoast SEO plugin v27.4 - https:\/\/yoast.com\/product\/yoast-seo-wordpress\/ -->\n<title>Ausstattung Campingplatz Werendijke - Mini-Campingplatz | Zoutelande, Zeeland | Werendijke<\/title>\n<meta name=\"robots\" content=\"index, follow, max-snippet:-1, max-image-preview:large, max-video-preview:-1\" \/>\n<link rel=\"canonical\" href=\"https:\/\/www.werendijke.nl\/wordpressde\/ausstattung-campingplatz-werendijke\/\" \/>\n<meta property=\"og:locale\" content=\"nl_NL\" \/>\n<meta property=\"og:type\" content=\"article\" \/>\n<meta property=\"og:title\" content=\"Ausstattung Campingplatz Werendijke - Mini-Campingplatz | Zoutelande, Zeeland | Werendijke\" \/>\n<meta property=\"og:description\" content=\"--&gt; 1 km von Zoutelande und Strand   --&gt; Sehr grosse Pl\u00e4tze   --&gt; Ausgezeichnete Bewertungen   --&gt; Einzigartiger Klostergarten   --&gt; Luxuri\u00f6se Ausstattung  --&gt; GreenKey Umweltauszeichnung\" \/>\n<meta property=\"og:url\" content=\"https:\/\/www.werendijke.nl\/wordpressde\/ausstattung-campingplatz-werendijke\/\" \/>\n<meta property=\"og:site_name\" content=\"Mini-Campingplatz | Zoutelande, Zeeland | Werendijke\" \/>\n<meta property=\"article:modified_time\" content=\"2025-11-26T08:58:25+00:00\" \/>\n<meta property=\"og:image\" content=\"https:\/\/www.werendijke.nl\/wordpressde\/wp-content\/uploads\/logo_met-tekst_klein_rond.jpg\" \/>\n\t<meta property=\"og:image:width\" content=\"160\" \/>\n\t<meta property=\"og:image:height\" content=\"160\" \/>\n\t<meta property=\"og:image:type\" content=\"image\/jpeg\" \/>\n<meta name=\"twitter:card\" content=\"summary_large_image\" \/>\n<script type=\"application\/ld+json\" class=\"yoast-schema-graph\">{\"@context\":\"https:\\\/\\\/schema.org\",\"@graph\":[{\"@type\":\"WebPage\",\"@id\":\"https:\\\/\\\/www.werendijke.nl\\\/wordpressde\\\/ausstattung-campingplatz-werendijke\\\/\",\"url\":\"https:\\\/\\\/www.werendijke.nl\\\/wordpressde\\\/ausstattung-campingplatz-werendijke\\\/\",\"name\":\"Ausstattung Campingplatz Werendijke - Mini-Campingplatz | Zoutelande, Zeeland | Werendijke\",\"isPartOf\":{\"@id\":\"https:\\\/\\\/www.werendijke.nl\\\/wordpressde\\\/#website\"},\"primaryImageOfPage\":{\"@id\":\"https:\\\/\\\/www.werendijke.nl\\\/wordpressde\\\/ausstattung-campingplatz-werendijke\\\/#primaryimage\"},\"image\":{\"@id\":\"https:\\\/\\\/www.werendijke.nl\\\/wordpressde\\\/ausstattung-campingplatz-werendijke\\\/#primaryimage\"},\"thumbnailUrl\":\"https:\\\/\\\/www.werendijke.nl\\\/wordpressde\\\/wp-content\\\/uploads\\\/logo_met-tekst_klein_rond.jpg\",\"datePublished\":\"2009-07-26T11:33:43+00:00\",\"dateModified\":\"2025-11-26T08:58:25+00:00\",\"breadcrumb\":{\"@id\":\"https:\\\/\\\/www.werendijke.nl\\\/wordpressde\\\/ausstattung-campingplatz-werendijke\\\/#breadcrumb\"},\"inLanguage\":\"nl-NL\",\"potentialAction\":[{\"@type\":\"ReadAction\",\"target\":[\"https:\\\/\\\/www.werendijke.nl\\\/wordpressde\\\/ausstattung-campingplatz-werendijke\\\/\"]}]},{\"@type\":\"ImageObject\",\"inLanguage\":\"nl-NL\",\"@id\":\"https:\\\/\\\/www.werendijke.nl\\\/wordpressde\\\/ausstattung-campingplatz-werendijke\\\/#primaryimage\",\"url\":\"https:\\\/\\\/www.werendijke.nl\\\/wordpressde\\\/wp-content\\\/uploads\\\/logo_met-tekst_klein_rond.jpg\",\"contentUrl\":\"https:\\\/\\\/www.werendijke.nl\\\/wordpressde\\\/wp-content\\\/uploads\\\/logo_met-tekst_klein_rond.jpg\",\"width\":160,\"height\":160,\"caption\":\"Werendijke logo klein rond\"},{\"@type\":\"BreadcrumbList\",\"@id\":\"https:\\\/\\\/www.werendijke.nl\\\/wordpressde\\\/ausstattung-campingplatz-werendijke\\\/#breadcrumb\",\"itemListElement\":[{\"@type\":\"ListItem\",\"position\":1,\"name\":\"Home\",\"item\":\"https:\\\/\\\/www.werendijke.nl\\\/wordpressde\\\/\"},{\"@type\":\"ListItem\",\"position\":2,\"name\":\"Ausstattung Campingplatz Werendijke\"}]},{\"@type\":\"WebSite\",\"@id\":\"https:\\\/\\\/www.werendijke.nl\\\/wordpressde\\\/#website\",\"url\":\"https:\\\/\\\/www.werendijke.nl\\\/wordpressde\\\/\",\"name\":\"Mini-Campingplatz | Zoutelande, Zeeland | Werendijke\",\"description\":\"Mini-Campingplatz | Zoutelande, Zeeland | Werendijke\",\"publisher\":{\"@id\":\"https:\\\/\\\/www.werendijke.nl\\\/wordpressde\\\/#organization\"},\"potentialAction\":[{\"@type\":\"SearchAction\",\"target\":{\"@type\":\"EntryPoint\",\"urlTemplate\":\"https:\\\/\\\/www.werendijke.nl\\\/wordpressde\\\/?s={search_term_string}\"},\"query-input\":{\"@type\":\"PropertyValueSpecification\",\"valueRequired\":true,\"valueName\":\"search_term_string\"}}],\"inLanguage\":\"nl-NL\"},{\"@type\":\"Organization\",\"@id\":\"https:\\\/\\\/www.werendijke.nl\\\/wordpressde\\\/#organization\",\"name\":\"Campingplatz Werendijke\",\"url\":\"https:\\\/\\\/www.werendijke.nl\\\/wordpressde\\\/\",\"logo\":{\"@type\":\"ImageObject\",\"inLanguage\":\"nl-NL\",\"@id\":\"https:\\\/\\\/www.werendijke.nl\\\/wordpressde\\\/#\\\/schema\\\/logo\\\/image\\\/\",\"url\":\"https:\\\/\\\/www.werendijke.nl\\\/wordpressde\\\/wp-content\\\/uploads\\\/logo_met-tekst_klein.jpg\",\"contentUrl\":\"https:\\\/\\\/www.werendijke.nl\\\/wordpressde\\\/wp-content\\\/uploads\\\/logo_met-tekst_klein.jpg\",\"width\":135,\"height\":135,\"caption\":\"Campingplatz Werendijke\"},\"image\":{\"@id\":\"https:\\\/\\\/www.werendijke.nl\\\/wordpressde\\\/#\\\/schema\\\/logo\\\/image\\\/\"}}]}<\/script>\n<!-- \/ Yoast SEO plugin. -->","yoast_head_json":{"title":"Ausstattung Campingplatz Werendijke - Mini-Campingplatz | Zoutelande, Zeeland | Werendijke","robots":{"index":"index","follow":"follow","max-snippet":"max-snippet:-1","max-image-preview":"max-image-preview:large","max-video-preview":"max-video-preview:-1"},"canonical":"https:\/\/www.werendijke.nl\/wordpressde\/ausstattung-campingplatz-werendijke\/","og_locale":"nl_NL","og_type":"article","og_title":"Ausstattung Campingplatz Werendijke - Mini-Campingplatz | Zoutelande, Zeeland | Werendijke","og_description":"--> 1 km von Zoutelande und Strand   --> Sehr grosse Pl\u00e4tze   --> Ausgezeichnete Bewertungen   --> Einzigartiger Klostergarten   --> Luxuri\u00f6se Ausstattung  --> GreenKey Umweltauszeichnung","og_url":"https:\/\/www.werendijke.nl\/wordpressde\/ausstattung-campingplatz-werendijke\/","og_site_name":"Mini-Campingplatz | Zoutelande, Zeeland | Werendijke","article_modified_time":"2025-11-26T08:58:25+00:00","og_image":[{"width":160,"height":160,"url":"https:\/\/www.werendijke.nl\/wordpressde\/wp-content\/uploads\/logo_met-tekst_klein_rond.jpg","type":"image\/jpeg"}],"twitter_card":"summary_large_image","schema":{"@context":"https:\/\/schema.org","@graph":[{"@type":"WebPage","@id":"https:\/\/www.werendijke.nl\/wordpressde\/ausstattung-campingplatz-werendijke\/","url":"https:\/\/www.werendijke.nl\/wordpressde\/ausstattung-campingplatz-werendijke\/","name":"Ausstattung Campingplatz Werendijke - Mini-Campingplatz | Zoutelande, Zeeland | Werendijke","isPartOf":{"@id":"https:\/\/www.werendijke.nl\/wordpressde\/#website"},"primaryImageOfPage":{"@id":"https:\/\/www.werendijke.nl\/wordpressde\/ausstattung-campingplatz-werendijke\/#primaryimage"},"image":{"@id":"https:\/\/www.werendijke.nl\/wordpressde\/ausstattung-campingplatz-werendijke\/#primaryimage"},"thumbnailUrl":"https:\/\/www.werendijke.nl\/wordpressde\/wp-content\/uploads\/logo_met-tekst_klein_rond.jpg","datePublished":"2009-07-26T11:33:43+00:00","dateModified":"2025-11-26T08:58:25+00:00","breadcrumb":{"@id":"https:\/\/www.werendijke.nl\/wordpressde\/ausstattung-campingplatz-werendijke\/#breadcrumb"},"inLanguage":"nl-NL","potentialAction":[{"@type":"ReadAction","target":["https:\/\/www.werendijke.nl\/wordpressde\/ausstattung-campingplatz-werendijke\/"]}]},{"@type":"ImageObject","inLanguage":"nl-NL","@id":"https:\/\/www.werendijke.nl\/wordpressde\/ausstattung-campingplatz-werendijke\/#primaryimage","url":"https:\/\/www.werendijke.nl\/wordpressde\/wp-content\/uploads\/logo_met-tekst_klein_rond.jpg","contentUrl":"https:\/\/www.werendijke.nl\/wordpressde\/wp-content\/uploads\/logo_met-tekst_klein_rond.jpg","width":160,"height":160,"caption":"Werendijke logo klein rond"},{"@type":"BreadcrumbList","@id":"https:\/\/www.werendijke.nl\/wordpressde\/ausstattung-campingplatz-werendijke\/#breadcrumb","itemListElement":[{"@type":"ListItem","position":1,"name":"Home","item":"https:\/\/www.werendijke.nl\/wordpressde\/"},{"@type":"ListItem","position":2,"name":"Ausstattung Campingplatz Werendijke"}]},{"@type":"WebSite","@id":"https:\/\/www.werendijke.nl\/wordpressde\/#website","url":"https:\/\/www.werendijke.nl\/wordpressde\/","name":"Mini-Campingplatz | Zoutelande, Zeeland | Werendijke","description":"Mini-Campingplatz | Zoutelande, Zeeland | Werendijke","publisher":{"@id":"https:\/\/www.werendijke.nl\/wordpressde\/#organization"},"potentialAction":[{"@type":"SearchAction","target":{"@type":"EntryPoint","urlTemplate":"https:\/\/www.werendijke.nl\/wordpressde\/?s={search_term_string}"},"query-input":{"@type":"PropertyValueSpecification","valueRequired":true,"valueName":"search_term_string"}}],"inLanguage":"nl-NL"},{"@type":"Organization","@id":"https:\/\/www.werendijke.nl\/wordpressde\/#organization","name":"Campingplatz Werendijke","url":"https:\/\/www.werendijke.nl\/wordpressde\/","logo":{"@type":"ImageObject","inLanguage":"nl-NL","@id":"https:\/\/www.werendijke.nl\/wordpressde\/#\/schema\/logo\/image\/","url":"https:\/\/www.werendijke.nl\/wordpressde\/wp-content\/uploads\/logo_met-tekst_klein.jpg","contentUrl":"https:\/\/www.werendijke.nl\/wordpressde\/wp-content\/uploads\/logo_met-tekst_klein.jpg","width":135,"height":135,"caption":"Campingplatz Werendijke"},"image":{"@id":"https:\/\/www.werendijke.nl\/wordpressde\/#\/schema\/logo\/image\/"}}]}},"_links":{"self":[{"href":"https:\/\/www.werendijke.nl\/wordpressde\/wp-json\/wp\/v2\/pages\/48","targetHints":{"allow":["GET"]}}],"collection":[{"href":"https:\/\/www.werendijke.nl\/wordpressde\/wp-json\/wp\/v2\/pages"}],"about":[{"href":"https:\/\/www.werendijke.nl\/wordpressde\/wp-json\/wp\/v2\/types\/page"}],"author":[{"embeddable":true,"href":"https:\/\/www.werendijke.nl\/wordpressde\/wp-json\/wp\/v2\/users\/2"}],"replies":[{"embeddable":true,"href":"https:\/\/www.werendijke.nl\/wordpressde\/wp-json\/wp\/v2\/comments?post=48"}],"version-history":[{"count":77,"href":"https:\/\/www.werendijke.nl\/wordpressde\/wp-json\/wp\/v2\/pages\/48\/revisions"}],"predecessor-version":[{"id":1282,"href":"https:\/\/www.werendijke.nl\/wordpressde\/wp-json\/wp\/v2\/pages\/48\/revisions\/1282"}],"wp:featuredmedia":[{"embeddable":true,"href":"https:\/\/www.werendijke.nl\/wordpressde\/wp-json\/wp\/v2\/media\/721"}],"wp:attachment":[{"href":"https:\/\/www.werendijke.nl\/wordpressde\/wp-json\/wp\/v2\/media?parent=48"}],"curies":[{"name":"wp","href":"https:\/\/api.w.org\/{rel}","templated":true}]}}