{"id":876,"date":"2020-11-13T14:49:50","date_gmt":"2020-11-13T13:49:50","guid":{"rendered":"https:\/\/www.werendijke.nl\/wordpressde\/?page_id=876"},"modified":"2022-12-07T17:42:11","modified_gmt":"2022-12-07T16:42:11","slug":"klostergarten-campingplatz-werendijke","status":"publish","type":"page","link":"https:\/\/www.werendijke.nl\/wordpressde\/klostergarten-campingplatz-werendijke\/","title":{"rendered":"Klostergarten Campingplatz Werendijke"},"content":{"rendered":"<p>Der Campingplatz Werendijke befindet sich auf dem Grund eines denkmalgesch\u00fctzen Bauernhofes, dessen Geschichte einige hundert Jahre zur\u00fcck geht. Das heutige Wohnhaus war fr\u00fcher Teil eines Klosters. Um diesen Teil der Geschichte wiederzubeleben, ist ein Klostergarten angrenzend an den Campingplatz angelegt. Hier sind B\u00e4ume, Pflanzen, Gem\u00fcse und Obst zu finden, die auch zu jener Zeit angebaut wurden.<\/p>\n<p>Mehr Fotos finden Sie auf unserem <a title=\"Campingplatz | Zoutelande, Zeeland | Werendijke | Klostergarten - Facebook\" href=\"http:\/\/www.facebook.com\/werendijke\" target=\"_blank\" rel=\"noopener noreferrer\">Facebook<\/a> oder <a title=\"Campingplatz | Zoutelande, Zeeland | Werendijke | Klostergarten - Instagram\" href=\"http:\/\/www.instagram.com\/camping_werendijke\" target=\"_blank\" rel=\"noopener noreferrer\">Instagram Pagina<\/a>.<\/p>\nngg_shortcode_0_placeholder\n","protected":false},"excerpt":{"rendered":"<p>Der Campingplatz Werendijke befindet sich auf dem Grund eines denkmalgesch\u00fctzen Bauernhofes, dessen Geschichte einige hundert Jahre zur\u00fcck geht. Das heutige Wohnhaus war fr\u00fcher Teil eines Klosters. Um diesen Teil der Geschichte wiederzubeleben, ist ein Klostergarten angrenzend an den Campingplatz angelegt. Hier sind B\u00e4ume, Pflanzen, Gem\u00fcse und Obst zu finden, die auch zu jener Zeit angebaut wurden. Mehr Fotos finden Sie auf unserem Facebook oder Instagram Pagina.<\/p>\n","protected":false},"author":2,"featured_media":0,"parent":0,"menu_order":0,"comment_status":"closed","ping_status":"closed","template":"","meta":{"ngg_post_thumbnail":0,"footnotes":""},"class_list":["post-876","page","type-page","status-publish","hentry"],"yoast_head":"<!-- This site is optimized with the Yoast SEO plugin v27.3 - https:\/\/yoast.com\/product\/yoast-seo-wordpress\/ -->\n<title>Klostergarten Campingplatz Werendijke - Mini-Campingplatz | Zoutelande, Zeeland | Werendijke<\/title>\n<meta name=\"robots\" content=\"index, follow, max-snippet:-1, max-image-preview:large, max-video-preview:-1\" \/>\n<link rel=\"canonical\" href=\"https:\/\/www.werendijke.nl\/wordpressde\/klostergarten-campingplatz-werendijke\/\" \/>\n<meta property=\"og:locale\" content=\"nl_NL\" \/>\n<meta property=\"og:type\" content=\"article\" \/>\n<meta property=\"og:title\" content=\"Klostergarten Campingplatz Werendijke - Mini-Campingplatz | Zoutelande, Zeeland | Werendijke\" \/>\n<meta property=\"og:description\" content=\"Der Campingplatz Werendijke befindet sich auf dem Grund eines denkmalgesch\u00fctzen Bauernhofes, dessen Geschichte einige hundert Jahre zur\u00fcck geht. Das heutige Wohnhaus war fr\u00fcher Teil eines Klosters. Um diesen Teil der Geschichte wiederzubeleben, ist ein Klostergarten angrenzend an den Campingplatz angelegt. Hier sind B\u00e4ume, Pflanzen, Gem\u00fcse und Obst zu finden, die auch zu jener Zeit angebaut wurden. Mehr Fotos finden Sie auf unserem Facebook oder Instagram Pagina.\" \/>\n<meta property=\"og:url\" content=\"https:\/\/www.werendijke.nl\/wordpressde\/klostergarten-campingplatz-werendijke\/\" \/>\n<meta property=\"og:site_name\" content=\"Mini-Campingplatz | Zoutelande, Zeeland | Werendijke\" \/>\n<meta property=\"article:modified_time\" content=\"2022-12-07T16:42:11+00:00\" \/>\n<meta name=\"twitter:card\" content=\"summary_large_image\" \/>\n<script type=\"application\/ld+json\" class=\"yoast-schema-graph\">{\"@context\":\"https:\\\/\\\/schema.org\",\"@graph\":[{\"@type\":\"WebPage\",\"@id\":\"https:\\\/\\\/www.werendijke.nl\\\/wordpressde\\\/klostergarten-campingplatz-werendijke\\\/\",\"url\":\"https:\\\/\\\/www.werendijke.nl\\\/wordpressde\\\/klostergarten-campingplatz-werendijke\\\/\",\"name\":\"Klostergarten Campingplatz Werendijke - Mini-Campingplatz | Zoutelande, Zeeland | Werendijke\",\"isPartOf\":{\"@id\":\"https:\\\/\\\/www.werendijke.nl\\\/wordpressde\\\/#website\"},\"datePublished\":\"2020-11-13T13:49:50+00:00\",\"dateModified\":\"2022-12-07T16:42:11+00:00\",\"breadcrumb\":{\"@id\":\"https:\\\/\\\/www.werendijke.nl\\\/wordpressde\\\/klostergarten-campingplatz-werendijke\\\/#breadcrumb\"},\"inLanguage\":\"nl-NL\",\"potentialAction\":[{\"@type\":\"ReadAction\",\"target\":[\"https:\\\/\\\/www.werendijke.nl\\\/wordpressde\\\/klostergarten-campingplatz-werendijke\\\/\"]}]},{\"@type\":\"BreadcrumbList\",\"@id\":\"https:\\\/\\\/www.werendijke.nl\\\/wordpressde\\\/klostergarten-campingplatz-werendijke\\\/#breadcrumb\",\"itemListElement\":[{\"@type\":\"ListItem\",\"position\":1,\"name\":\"Home\",\"item\":\"https:\\\/\\\/www.werendijke.nl\\\/wordpressde\\\/\"},{\"@type\":\"ListItem\",\"position\":2,\"name\":\"Klostergarten Campingplatz Werendijke\"}]},{\"@type\":\"WebSite\",\"@id\":\"https:\\\/\\\/www.werendijke.nl\\\/wordpressde\\\/#website\",\"url\":\"https:\\\/\\\/www.werendijke.nl\\\/wordpressde\\\/\",\"name\":\"Mini-Campingplatz | Zoutelande, Zeeland | Werendijke\",\"description\":\"Mini-Campingplatz | Zoutelande, Zeeland | Werendijke\",\"publisher\":{\"@id\":\"https:\\\/\\\/www.werendijke.nl\\\/wordpressde\\\/#organization\"},\"potentialAction\":[{\"@type\":\"SearchAction\",\"target\":{\"@type\":\"EntryPoint\",\"urlTemplate\":\"https:\\\/\\\/www.werendijke.nl\\\/wordpressde\\\/?s={search_term_string}\"},\"query-input\":{\"@type\":\"PropertyValueSpecification\",\"valueRequired\":true,\"valueName\":\"search_term_string\"}}],\"inLanguage\":\"nl-NL\"},{\"@type\":\"Organization\",\"@id\":\"https:\\\/\\\/www.werendijke.nl\\\/wordpressde\\\/#organization\",\"name\":\"Campingplatz Werendijke\",\"url\":\"https:\\\/\\\/www.werendijke.nl\\\/wordpressde\\\/\",\"logo\":{\"@type\":\"ImageObject\",\"inLanguage\":\"nl-NL\",\"@id\":\"https:\\\/\\\/www.werendijke.nl\\\/wordpressde\\\/#\\\/schema\\\/logo\\\/image\\\/\",\"url\":\"https:\\\/\\\/www.werendijke.nl\\\/wordpressde\\\/wp-content\\\/uploads\\\/logo_met-tekst_klein.jpg\",\"contentUrl\":\"https:\\\/\\\/www.werendijke.nl\\\/wordpressde\\\/wp-content\\\/uploads\\\/logo_met-tekst_klein.jpg\",\"width\":135,\"height\":135,\"caption\":\"Campingplatz Werendijke\"},\"image\":{\"@id\":\"https:\\\/\\\/www.werendijke.nl\\\/wordpressde\\\/#\\\/schema\\\/logo\\\/image\\\/\"}}]}<\/script>\n<!-- \/ Yoast SEO plugin. -->","yoast_head_json":{"title":"Klostergarten Campingplatz Werendijke - Mini-Campingplatz | Zoutelande, Zeeland | Werendijke","robots":{"index":"index","follow":"follow","max-snippet":"max-snippet:-1","max-image-preview":"max-image-preview:large","max-video-preview":"max-video-preview:-1"},"canonical":"https:\/\/www.werendijke.nl\/wordpressde\/klostergarten-campingplatz-werendijke\/","og_locale":"nl_NL","og_type":"article","og_title":"Klostergarten Campingplatz Werendijke - Mini-Campingplatz | Zoutelande, Zeeland | Werendijke","og_description":"Der Campingplatz Werendijke befindet sich auf dem Grund eines denkmalgesch\u00fctzen Bauernhofes, dessen Geschichte einige hundert Jahre zur\u00fcck geht. Das heutige Wohnhaus war fr\u00fcher Teil eines Klosters. Um diesen Teil der Geschichte wiederzubeleben, ist ein Klostergarten angrenzend an den Campingplatz angelegt. Hier sind B\u00e4ume, Pflanzen, Gem\u00fcse und Obst zu finden, die auch zu jener Zeit angebaut wurden. Mehr Fotos finden Sie auf unserem Facebook oder Instagram Pagina.","og_url":"https:\/\/www.werendijke.nl\/wordpressde\/klostergarten-campingplatz-werendijke\/","og_site_name":"Mini-Campingplatz | Zoutelande, Zeeland | Werendijke","article_modified_time":"2022-12-07T16:42:11+00:00","twitter_card":"summary_large_image","schema":{"@context":"https:\/\/schema.org","@graph":[{"@type":"WebPage","@id":"https:\/\/www.werendijke.nl\/wordpressde\/klostergarten-campingplatz-werendijke\/","url":"https:\/\/www.werendijke.nl\/wordpressde\/klostergarten-campingplatz-werendijke\/","name":"Klostergarten Campingplatz Werendijke - Mini-Campingplatz | Zoutelande, Zeeland | Werendijke","isPartOf":{"@id":"https:\/\/www.werendijke.nl\/wordpressde\/#website"},"datePublished":"2020-11-13T13:49:50+00:00","dateModified":"2022-12-07T16:42:11+00:00","breadcrumb":{"@id":"https:\/\/www.werendijke.nl\/wordpressde\/klostergarten-campingplatz-werendijke\/#breadcrumb"},"inLanguage":"nl-NL","potentialAction":[{"@type":"ReadAction","target":["https:\/\/www.werendijke.nl\/wordpressde\/klostergarten-campingplatz-werendijke\/"]}]},{"@type":"BreadcrumbList","@id":"https:\/\/www.werendijke.nl\/wordpressde\/klostergarten-campingplatz-werendijke\/#breadcrumb","itemListElement":[{"@type":"ListItem","position":1,"name":"Home","item":"https:\/\/www.werendijke.nl\/wordpressde\/"},{"@type":"ListItem","position":2,"name":"Klostergarten Campingplatz Werendijke"}]},{"@type":"WebSite","@id":"https:\/\/www.werendijke.nl\/wordpressde\/#website","url":"https:\/\/www.werendijke.nl\/wordpressde\/","name":"Mini-Campingplatz | Zoutelande, Zeeland | Werendijke","description":"Mini-Campingplatz | Zoutelande, Zeeland | Werendijke","publisher":{"@id":"https:\/\/www.werendijke.nl\/wordpressde\/#organization"},"potentialAction":[{"@type":"SearchAction","target":{"@type":"EntryPoint","urlTemplate":"https:\/\/www.werendijke.nl\/wordpressde\/?s={search_term_string}"},"query-input":{"@type":"PropertyValueSpecification","valueRequired":true,"valueName":"search_term_string"}}],"inLanguage":"nl-NL"},{"@type":"Organization","@id":"https:\/\/www.werendijke.nl\/wordpressde\/#organization","name":"Campingplatz Werendijke","url":"https:\/\/www.werendijke.nl\/wordpressde\/","logo":{"@type":"ImageObject","inLanguage":"nl-NL","@id":"https:\/\/www.werendijke.nl\/wordpressde\/#\/schema\/logo\/image\/","url":"https:\/\/www.werendijke.nl\/wordpressde\/wp-content\/uploads\/logo_met-tekst_klein.jpg","contentUrl":"https:\/\/www.werendijke.nl\/wordpressde\/wp-content\/uploads\/logo_met-tekst_klein.jpg","width":135,"height":135,"caption":"Campingplatz Werendijke"},"image":{"@id":"https:\/\/www.werendijke.nl\/wordpressde\/#\/schema\/logo\/image\/"}}]}},"_links":{"self":[{"href":"https:\/\/www.werendijke.nl\/wordpressde\/wp-json\/wp\/v2\/pages\/876","targetHints":{"allow":["GET"]}}],"collection":[{"href":"https:\/\/www.werendijke.nl\/wordpressde\/wp-json\/wp\/v2\/pages"}],"about":[{"href":"https:\/\/www.werendijke.nl\/wordpressde\/wp-json\/wp\/v2\/types\/page"}],"author":[{"embeddable":true,"href":"https:\/\/www.werendijke.nl\/wordpressde\/wp-json\/wp\/v2\/users\/2"}],"replies":[{"embeddable":true,"href":"https:\/\/www.werendijke.nl\/wordpressde\/wp-json\/wp\/v2\/comments?post=876"}],"version-history":[{"count":5,"href":"https:\/\/www.werendijke.nl\/wordpressde\/wp-json\/wp\/v2\/pages\/876\/revisions"}],"predecessor-version":[{"id":1010,"href":"https:\/\/www.werendijke.nl\/wordpressde\/wp-json\/wp\/v2\/pages\/876\/revisions\/1010"}],"wp:attachment":[{"href":"https:\/\/www.werendijke.nl\/wordpressde\/wp-json\/wp\/v2\/media?parent=876"}],"curies":[{"name":"wp","href":"https:\/\/api.w.org\/{rel}","templated":true}]}}