{"id":968,"date":"2020-11-17T17:45:57","date_gmt":"2020-11-17T16:45:57","guid":{"rendered":"https:\/\/www.werendijke.nl\/wordpressde\/?page_id=968"},"modified":"2024-07-19T12:15:44","modified_gmt":"2024-07-19T10:15:44","slug":"ihre-meinung-zahlt","status":"publish","type":"page","link":"https:\/\/www.werendijke.nl\/wordpressde\/ihre-meinung-zahlt\/","title":{"rendered":"Ihre Meinung z\u00e4hlt"},"content":{"rendered":"<p>Mini-Camping Werendijke findet den pers\u00f6nlichen Kontakt sehr wichtig. Vor, w\u00e4hrend und auch nach Ihrem Aufenthalt. Vor allem auch, weil wir immer auf der Suche nach M\u00f6glichkeiten sind, um Ihren Urlaub noch angenehmer zu machen. Deshalb bieten wir Ihnen hier viele M\u00f6glichkeiten um uns Feedback zu geben, wie Sie Ihren Urlaub bei uns fanden.<\/p>\n<ul>\n<li><span style=\"font-size: 17px; color: #000000;\">Hinterlassen Sie Ihre Bewertung auf <a style=\"color: #000000;\" title=\"Campingplatz | Zoutelande, Zeeland | Werendijke | Klostergarten - Google\" href=\"https:\/\/www.google.de\/search?hl=de&amp;q=minicamping+werendijke+reviews#lrd=0x47c497d2da7292ff:0x9bd3e70ccb83c4ac,1,,,\" target=\"_blank\" rel=\"noopener noreferrer\">Google<\/a><\/span><\/li>\n<li><span style=\"font-size: 17px; color: #000000;\">Hinterlassen Sie Ihre Bewertung auf <a style=\"color: #000000;\" title=\"Campingplatz | Zoutelande, Zeeland | Werendijke | Klostergarten - Zoover\" href=\"http:\/\/www.zoover.de\/niederlande\/zeeland-seeland\/zoutelande\/minicamping-werendijke\/camping\" target=\"_blank\" rel=\"noopener noreferrer\">Zoover<\/a><\/span><\/li>\n<li><span style=\"font-size: 17px; color: #000000;\">Hinterlassen Sie eine Nachricht auf unserer <a style=\"color: #000000;\" title=\"Campingplatz | Zoutelande, Zeeland | Werendijke | Klostergarten- Facebook\" href=\"http:\/\/www.facebook.com\/werendijke\" target=\"blank\" rel=\"noopener noreferrer\">Facebook Seite<\/a><\/span><\/li>\n<li><span style=\"font-size: 17px; color: #000000;\">Senden Sie uns eine <a style=\"color: #000000;\" href=\"mailto:info@werendijke.nl?subject=\">E-Mail<\/a><\/span><\/li>\n<\/ul>\n<div class=\"zvr-widget zvr-widget--type1\">\n<div id=\"zoover-widget-logo\" class=\"zvr-widget-container option--border--rounded type--large color--orange\" style=\"width: 96px !important; height: 96px;\"><a class=\"overall\" href=\"http:\/\/www.zoover.de\/niederlande\/zeeland-seeland\/zoutelande\/minicamping-werendijke\/camping\" target=\"_blank\" rel=\"noopener noreferrer\"><object class=\"zvr-logo\" data=\"http:\/\/www.zoover.nl\/shared\/images2\/widgets\/zvr-logo-white.svg\" type=\"image\/svg+xml\" width=\"300\" height=\"150\"><img decoding=\"async\" src=\"http:\/\/www.zoover.nl\/Shared\/images2\/ie8\/logo-white.png\"><\/object><\/a><\/div>\n<\/div>\n<p><script type=\"text\/javascript\">\/\/ <![CDATA[ var fileref = document.createElement(\"link\");fileref.setAttribute(\"rel\", \"stylesheet\");fileref.setAttribute(\"type\", \"text\/css\");fileref.setAttribute(\"href\", \"http:\/\/www.zoover.nl\/Shared\/Css\/zoover-widgets.v1.css\");var head = document.getElementsByTagName('head')[0];var headerContent = head.innerHTML;if(headerContent.indexOf(\"http:\/\/www.zoover.nl\/Shared\/Css\/zoover-widgets.v1.css\") == -1){head.appendChild(fileref);} \/\/ ]]><\/script><br \/>\n<a title=\"Campingplatz | Zoutelande, Zeeland | Werendijke | Klostergarten - Facebook\" href=\"http:\/\/www.facebook.com\/werendijke\" target=\"blank\" rel=\"noopener noreferrer\"><img loading=\"lazy\" decoding=\"async\" class=\"size-thumbnail wp-image-741 alignleft\" title=\"Campingplatz | Zoutelande, Zeeland | Werendijke | Klostergarten - Facebook\" src=\"http:\/\/www.werendijke.nl\/wordpress\/wp-content\/uploads\/facebook.png\" alt=\"Campingplatz | Zoutelande, Zeeland | Werendijke | Klostergarten - Facebook\" width=\"35\" height=\"35\"><\/a>Gerne k\u00f6nnen Sie unsere Seite auf Facebook \u201eliken\u201c. Dann sehen Sie unsere neuesten Fotos, Videos und sind stets \u00fcber die neuesten Entwicklungen\/Pl\u00e4ne auf unserem Campingplatz informiert.<\/p>\n<p>Wir freuen uns, von Ihnen zu h\u00f6ren!<\/p>\n<p>Lilian &amp; Stefanie Dingemanse<br \/>\n<a href=\"mailto:info@werendijke.nl?subject=Informatie Minicamping Werendijke\">info@werendijke.nl<\/a><\/p>\n<p><img loading=\"lazy\" decoding=\"async\" class=\"alignleft\" title=\"Mini-Camping | Zoutelande, Walcheren, Zeeland | Werendijke - Lilian &amp; Stefanie Dingemanse\" src=\"http:\/\/www.werendijke.nl\/wordpress\/wp-content\/gallery\/camping\/Minicamping-Werendijke-Familie-Dingemanse.jpg\" alt=\"Mini-Camping | Zoutelande, Walcheren, Zeeland | Werendijke - Lilian &amp; Stefanie Dingemanse\" width=\"533\" height=\"356\"><\/p>\n","protected":false},"excerpt":{"rendered":"<p>Mini-Camping Werendijke findet den pers\u00f6nlichen Kontakt sehr wichtig. Vor, w\u00e4hrend und auch nach Ihrem Aufenthalt. Vor allem auch, weil wir immer auf der Suche nach M\u00f6glichkeiten sind, um Ihren Urlaub noch angenehmer zu machen. Deshalb bieten wir Ihnen hier viele M\u00f6glichkeiten um uns Feedback zu geben, wie Sie Ihren Urlaub bei uns fanden. Hinterlassen Sie Ihre Bewertung auf Google Hinterlassen Sie Ihre Bewertung auf Zoover Hinterlassen Sie eine Nachricht auf&hellip; <\/p>\n","protected":false},"author":2,"featured_media":0,"parent":0,"menu_order":0,"comment_status":"closed","ping_status":"closed","template":"","meta":{"ngg_post_thumbnail":0,"footnotes":""},"class_list":["post-968","page","type-page","status-publish","hentry"],"yoast_head":"<!-- This site is optimized with the Yoast SEO plugin v27.4 - https:\/\/yoast.com\/product\/yoast-seo-wordpress\/ -->\n<title>Ihre Meinung z\u00e4hlt - Mini-Campingplatz | Zoutelande, Zeeland | Werendijke<\/title>\n<meta name=\"robots\" content=\"index, follow, max-snippet:-1, max-image-preview:large, max-video-preview:-1\" \/>\n<link rel=\"canonical\" href=\"https:\/\/www.werendijke.nl\/wordpressde\/ihre-meinung-zahlt\/\" \/>\n<meta property=\"og:locale\" content=\"nl_NL\" \/>\n<meta property=\"og:type\" content=\"article\" \/>\n<meta property=\"og:title\" content=\"Ihre Meinung z\u00e4hlt - Mini-Campingplatz | Zoutelande, Zeeland | Werendijke\" \/>\n<meta property=\"og:description\" content=\"Mini-Camping Werendijke findet den pers\u00f6nlichen Kontakt sehr wichtig. Vor, w\u00e4hrend und auch nach Ihrem Aufenthalt. Vor allem auch, weil wir immer auf der Suche nach M\u00f6glichkeiten sind, um Ihren Urlaub noch angenehmer zu machen. Deshalb bieten wir Ihnen hier viele M\u00f6glichkeiten um uns Feedback zu geben, wie Sie Ihren Urlaub bei uns fanden. Hinterlassen Sie Ihre Bewertung auf Google Hinterlassen Sie Ihre Bewertung auf Zoover Hinterlassen Sie eine Nachricht auf&hellip;\" \/>\n<meta property=\"og:url\" content=\"https:\/\/www.werendijke.nl\/wordpressde\/ihre-meinung-zahlt\/\" \/>\n<meta property=\"og:site_name\" content=\"Mini-Campingplatz | Zoutelande, Zeeland | Werendijke\" \/>\n<meta property=\"article:modified_time\" content=\"2024-07-19T10:15:44+00:00\" \/>\n<meta property=\"og:image\" content=\"http:\/\/www.zoover.nl\/Shared\/images2\/ie8\/logo-white.png\" \/>\n<meta name=\"twitter:card\" content=\"summary_large_image\" \/>\n<script type=\"application\/ld+json\" class=\"yoast-schema-graph\">{\"@context\":\"https:\\\/\\\/schema.org\",\"@graph\":[{\"@type\":\"WebPage\",\"@id\":\"https:\\\/\\\/www.werendijke.nl\\\/wordpressde\\\/ihre-meinung-zahlt\\\/\",\"url\":\"https:\\\/\\\/www.werendijke.nl\\\/wordpressde\\\/ihre-meinung-zahlt\\\/\",\"name\":\"Ihre Meinung z\u00e4hlt - Mini-Campingplatz | Zoutelande, Zeeland | Werendijke\",\"isPartOf\":{\"@id\":\"https:\\\/\\\/www.werendijke.nl\\\/wordpressde\\\/#website\"},\"primaryImageOfPage\":{\"@id\":\"https:\\\/\\\/www.werendijke.nl\\\/wordpressde\\\/ihre-meinung-zahlt\\\/#primaryimage\"},\"image\":{\"@id\":\"https:\\\/\\\/www.werendijke.nl\\\/wordpressde\\\/ihre-meinung-zahlt\\\/#primaryimage\"},\"thumbnailUrl\":\"http:\\\/\\\/www.zoover.nl\\\/Shared\\\/images2\\\/ie8\\\/logo-white.png\",\"datePublished\":\"2020-11-17T16:45:57+00:00\",\"dateModified\":\"2024-07-19T10:15:44+00:00\",\"breadcrumb\":{\"@id\":\"https:\\\/\\\/www.werendijke.nl\\\/wordpressde\\\/ihre-meinung-zahlt\\\/#breadcrumb\"},\"inLanguage\":\"nl-NL\",\"potentialAction\":[{\"@type\":\"ReadAction\",\"target\":[\"https:\\\/\\\/www.werendijke.nl\\\/wordpressde\\\/ihre-meinung-zahlt\\\/\"]}]},{\"@type\":\"ImageObject\",\"inLanguage\":\"nl-NL\",\"@id\":\"https:\\\/\\\/www.werendijke.nl\\\/wordpressde\\\/ihre-meinung-zahlt\\\/#primaryimage\",\"url\":\"http:\\\/\\\/www.zoover.nl\\\/Shared\\\/images2\\\/ie8\\\/logo-white.png\",\"contentUrl\":\"http:\\\/\\\/www.zoover.nl\\\/Shared\\\/images2\\\/ie8\\\/logo-white.png\"},{\"@type\":\"BreadcrumbList\",\"@id\":\"https:\\\/\\\/www.werendijke.nl\\\/wordpressde\\\/ihre-meinung-zahlt\\\/#breadcrumb\",\"itemListElement\":[{\"@type\":\"ListItem\",\"position\":1,\"name\":\"Home\",\"item\":\"https:\\\/\\\/www.werendijke.nl\\\/wordpressde\\\/\"},{\"@type\":\"ListItem\",\"position\":2,\"name\":\"Ihre Meinung z\u00e4hlt\"}]},{\"@type\":\"WebSite\",\"@id\":\"https:\\\/\\\/www.werendijke.nl\\\/wordpressde\\\/#website\",\"url\":\"https:\\\/\\\/www.werendijke.nl\\\/wordpressde\\\/\",\"name\":\"Mini-Campingplatz | Zoutelande, Zeeland | Werendijke\",\"description\":\"Mini-Campingplatz | Zoutelande, Zeeland | Werendijke\",\"publisher\":{\"@id\":\"https:\\\/\\\/www.werendijke.nl\\\/wordpressde\\\/#organization\"},\"potentialAction\":[{\"@type\":\"SearchAction\",\"target\":{\"@type\":\"EntryPoint\",\"urlTemplate\":\"https:\\\/\\\/www.werendijke.nl\\\/wordpressde\\\/?s={search_term_string}\"},\"query-input\":{\"@type\":\"PropertyValueSpecification\",\"valueRequired\":true,\"valueName\":\"search_term_string\"}}],\"inLanguage\":\"nl-NL\"},{\"@type\":\"Organization\",\"@id\":\"https:\\\/\\\/www.werendijke.nl\\\/wordpressde\\\/#organization\",\"name\":\"Campingplatz Werendijke\",\"url\":\"https:\\\/\\\/www.werendijke.nl\\\/wordpressde\\\/\",\"logo\":{\"@type\":\"ImageObject\",\"inLanguage\":\"nl-NL\",\"@id\":\"https:\\\/\\\/www.werendijke.nl\\\/wordpressde\\\/#\\\/schema\\\/logo\\\/image\\\/\",\"url\":\"https:\\\/\\\/www.werendijke.nl\\\/wordpressde\\\/wp-content\\\/uploads\\\/logo_met-tekst_klein.jpg\",\"contentUrl\":\"https:\\\/\\\/www.werendijke.nl\\\/wordpressde\\\/wp-content\\\/uploads\\\/logo_met-tekst_klein.jpg\",\"width\":135,\"height\":135,\"caption\":\"Campingplatz Werendijke\"},\"image\":{\"@id\":\"https:\\\/\\\/www.werendijke.nl\\\/wordpressde\\\/#\\\/schema\\\/logo\\\/image\\\/\"}}]}<\/script>\n<!-- \/ Yoast SEO plugin. -->","yoast_head_json":{"title":"Ihre Meinung z\u00e4hlt - Mini-Campingplatz | Zoutelande, Zeeland | Werendijke","robots":{"index":"index","follow":"follow","max-snippet":"max-snippet:-1","max-image-preview":"max-image-preview:large","max-video-preview":"max-video-preview:-1"},"canonical":"https:\/\/www.werendijke.nl\/wordpressde\/ihre-meinung-zahlt\/","og_locale":"nl_NL","og_type":"article","og_title":"Ihre Meinung z\u00e4hlt - Mini-Campingplatz | Zoutelande, Zeeland | Werendijke","og_description":"Mini-Camping Werendijke findet den pers\u00f6nlichen Kontakt sehr wichtig. Vor, w\u00e4hrend und auch nach Ihrem Aufenthalt. Vor allem auch, weil wir immer auf der Suche nach M\u00f6glichkeiten sind, um Ihren Urlaub noch angenehmer zu machen. Deshalb bieten wir Ihnen hier viele M\u00f6glichkeiten um uns Feedback zu geben, wie Sie Ihren Urlaub bei uns fanden. Hinterlassen Sie Ihre Bewertung auf Google Hinterlassen Sie Ihre Bewertung auf Zoover Hinterlassen Sie eine Nachricht auf&hellip;","og_url":"https:\/\/www.werendijke.nl\/wordpressde\/ihre-meinung-zahlt\/","og_site_name":"Mini-Campingplatz | Zoutelande, Zeeland | Werendijke","article_modified_time":"2024-07-19T10:15:44+00:00","og_image":[{"url":"http:\/\/www.zoover.nl\/Shared\/images2\/ie8\/logo-white.png","type":"","width":"","height":""}],"twitter_card":"summary_large_image","schema":{"@context":"https:\/\/schema.org","@graph":[{"@type":"WebPage","@id":"https:\/\/www.werendijke.nl\/wordpressde\/ihre-meinung-zahlt\/","url":"https:\/\/www.werendijke.nl\/wordpressde\/ihre-meinung-zahlt\/","name":"Ihre Meinung z\u00e4hlt - Mini-Campingplatz | Zoutelande, Zeeland | Werendijke","isPartOf":{"@id":"https:\/\/www.werendijke.nl\/wordpressde\/#website"},"primaryImageOfPage":{"@id":"https:\/\/www.werendijke.nl\/wordpressde\/ihre-meinung-zahlt\/#primaryimage"},"image":{"@id":"https:\/\/www.werendijke.nl\/wordpressde\/ihre-meinung-zahlt\/#primaryimage"},"thumbnailUrl":"http:\/\/www.zoover.nl\/Shared\/images2\/ie8\/logo-white.png","datePublished":"2020-11-17T16:45:57+00:00","dateModified":"2024-07-19T10:15:44+00:00","breadcrumb":{"@id":"https:\/\/www.werendijke.nl\/wordpressde\/ihre-meinung-zahlt\/#breadcrumb"},"inLanguage":"nl-NL","potentialAction":[{"@type":"ReadAction","target":["https:\/\/www.werendijke.nl\/wordpressde\/ihre-meinung-zahlt\/"]}]},{"@type":"ImageObject","inLanguage":"nl-NL","@id":"https:\/\/www.werendijke.nl\/wordpressde\/ihre-meinung-zahlt\/#primaryimage","url":"http:\/\/www.zoover.nl\/Shared\/images2\/ie8\/logo-white.png","contentUrl":"http:\/\/www.zoover.nl\/Shared\/images2\/ie8\/logo-white.png"},{"@type":"BreadcrumbList","@id":"https:\/\/www.werendijke.nl\/wordpressde\/ihre-meinung-zahlt\/#breadcrumb","itemListElement":[{"@type":"ListItem","position":1,"name":"Home","item":"https:\/\/www.werendijke.nl\/wordpressde\/"},{"@type":"ListItem","position":2,"name":"Ihre Meinung z\u00e4hlt"}]},{"@type":"WebSite","@id":"https:\/\/www.werendijke.nl\/wordpressde\/#website","url":"https:\/\/www.werendijke.nl\/wordpressde\/","name":"Mini-Campingplatz | Zoutelande, Zeeland | Werendijke","description":"Mini-Campingplatz | Zoutelande, Zeeland | Werendijke","publisher":{"@id":"https:\/\/www.werendijke.nl\/wordpressde\/#organization"},"potentialAction":[{"@type":"SearchAction","target":{"@type":"EntryPoint","urlTemplate":"https:\/\/www.werendijke.nl\/wordpressde\/?s={search_term_string}"},"query-input":{"@type":"PropertyValueSpecification","valueRequired":true,"valueName":"search_term_string"}}],"inLanguage":"nl-NL"},{"@type":"Organization","@id":"https:\/\/www.werendijke.nl\/wordpressde\/#organization","name":"Campingplatz Werendijke","url":"https:\/\/www.werendijke.nl\/wordpressde\/","logo":{"@type":"ImageObject","inLanguage":"nl-NL","@id":"https:\/\/www.werendijke.nl\/wordpressde\/#\/schema\/logo\/image\/","url":"https:\/\/www.werendijke.nl\/wordpressde\/wp-content\/uploads\/logo_met-tekst_klein.jpg","contentUrl":"https:\/\/www.werendijke.nl\/wordpressde\/wp-content\/uploads\/logo_met-tekst_klein.jpg","width":135,"height":135,"caption":"Campingplatz Werendijke"},"image":{"@id":"https:\/\/www.werendijke.nl\/wordpressde\/#\/schema\/logo\/image\/"}}]}},"_links":{"self":[{"href":"https:\/\/www.werendijke.nl\/wordpressde\/wp-json\/wp\/v2\/pages\/968","targetHints":{"allow":["GET"]}}],"collection":[{"href":"https:\/\/www.werendijke.nl\/wordpressde\/wp-json\/wp\/v2\/pages"}],"about":[{"href":"https:\/\/www.werendijke.nl\/wordpressde\/wp-json\/wp\/v2\/types\/page"}],"author":[{"embeddable":true,"href":"https:\/\/www.werendijke.nl\/wordpressde\/wp-json\/wp\/v2\/users\/2"}],"replies":[{"embeddable":true,"href":"https:\/\/www.werendijke.nl\/wordpressde\/wp-json\/wp\/v2\/comments?post=968"}],"version-history":[{"count":3,"href":"https:\/\/www.werendijke.nl\/wordpressde\/wp-json\/wp\/v2\/pages\/968\/revisions"}],"predecessor-version":[{"id":1237,"href":"https:\/\/www.werendijke.nl\/wordpressde\/wp-json\/wp\/v2\/pages\/968\/revisions\/1237"}],"wp:attachment":[{"href":"https:\/\/www.werendijke.nl\/wordpressde\/wp-json\/wp\/v2\/media?parent=968"}],"curies":[{"name":"wp","href":"https:\/\/api.w.org\/{rel}","templated":true}]}}