{"id":976,"date":"2020-11-17T17:52:33","date_gmt":"2020-11-17T16:52:33","guid":{"rendered":"https:\/\/www.werendijke.nl\/wordpressde\/?page_id=976"},"modified":"2025-04-29T13:57:32","modified_gmt":"2025-04-29T11:57:32","slug":"nachhaltigkeit-campingplatz-werendijke","status":"publish","type":"page","link":"https:\/\/www.werendijke.nl\/wordpressde\/nachhaltigkeit-campingplatz-werendijke\/","title":{"rendered":"Nachhaltigkeit Campingplatz Werendijke"},"content":{"rendered":"<p>Der Campingplatz Werendijke legt besonders viel Wert auf eine saubere Umwelt. Daher ist das neuste Sanit\u00e4rgeb\u00e4ude energiesparend dank Solarenergie und Bewegungsmeldern. Au\u00dferdem sind alle Wasserh\u00e4hne wassersparend, und es erfolg M\u00fclltrennung.<\/p>\n<p>Die Aufmerksamkeit, die Campingplatz Werendijke einer sauberen Umwelt entgegenbringt, wird durch die Umweltplakette <a title=\"Campingplatz | Zoutelande, Zeeland | Werendijke | Klostergarten - Green Key\" href=\"http:\/\/www.green-key.org\" target=\"_blank\" rel=\"noopener noreferrer\">Green Key<\/a> zertifiziert.<\/p>\n<p><img loading=\"lazy\" decoding=\"async\" class=\"alignleft wp-image-700 size-medium\" src=\"https:\/\/www.werendijke.nl\/wordpressde\/wp-content\/uploads\/greenkey-logo-300x280.jpg\" alt=\"Green Key logo\" width=\"300\" height=\"280\" srcset=\"https:\/\/www.werendijke.nl\/wordpressde\/wp-content\/uploads\/greenkey-logo-300x280.jpg 300w, https:\/\/www.werendijke.nl\/wordpressde\/wp-content\/uploads\/greenkey-logo.jpg 750w\" sizes=\"auto, (max-width: 300px) 100vw, 300px\" \/><\/p>\n","protected":false},"excerpt":{"rendered":"<p>Der Campingplatz Werendijke legt besonders viel Wert auf eine saubere Umwelt. Daher ist das neuste Sanit\u00e4rgeb\u00e4ude energiesparend dank Solarenergie und Bewegungsmeldern. Au\u00dferdem sind alle Wasserh\u00e4hne wassersparend, und es erfolg M\u00fclltrennung. Die Aufmerksamkeit, die Campingplatz Werendijke einer sauberen Umwelt entgegenbringt, wird durch die Umweltplakette Green Key zertifiziert.<\/p>\n","protected":false},"author":2,"featured_media":0,"parent":0,"menu_order":0,"comment_status":"closed","ping_status":"closed","template":"","meta":{"ngg_post_thumbnail":0,"footnotes":""},"class_list":["post-976","page","type-page","status-publish","hentry"],"yoast_head":"<!-- This site is optimized with the Yoast SEO plugin v27.4 - https:\/\/yoast.com\/product\/yoast-seo-wordpress\/ -->\n<title>Nachhaltigkeit Campingplatz Werendijke - Mini-Campingplatz | Zoutelande, Zeeland | Werendijke<\/title>\n<meta name=\"robots\" content=\"index, follow, max-snippet:-1, max-image-preview:large, max-video-preview:-1\" \/>\n<link rel=\"canonical\" href=\"https:\/\/www.werendijke.nl\/wordpressde\/nachhaltigkeit-campingplatz-werendijke\/\" \/>\n<meta property=\"og:locale\" content=\"nl_NL\" \/>\n<meta property=\"og:type\" content=\"article\" \/>\n<meta property=\"og:title\" content=\"Nachhaltigkeit Campingplatz Werendijke - Mini-Campingplatz | Zoutelande, Zeeland | Werendijke\" \/>\n<meta property=\"og:description\" content=\"Der Campingplatz Werendijke legt besonders viel Wert auf eine saubere Umwelt. Daher ist das neuste Sanit\u00e4rgeb\u00e4ude energiesparend dank Solarenergie und Bewegungsmeldern. Au\u00dferdem sind alle Wasserh\u00e4hne wassersparend, und es erfolg M\u00fclltrennung. Die Aufmerksamkeit, die Campingplatz Werendijke einer sauberen Umwelt entgegenbringt, wird durch die Umweltplakette Green Key zertifiziert.\" \/>\n<meta property=\"og:url\" content=\"https:\/\/www.werendijke.nl\/wordpressde\/nachhaltigkeit-campingplatz-werendijke\/\" \/>\n<meta property=\"og:site_name\" content=\"Mini-Campingplatz | Zoutelande, Zeeland | Werendijke\" \/>\n<meta property=\"article:modified_time\" content=\"2025-04-29T11:57:32+00:00\" \/>\n<meta property=\"og:image\" content=\"https:\/\/www.werendijke.nl\/wordpressde\/wp-content\/uploads\/greenkey-logo.jpg\" \/>\n\t<meta property=\"og:image:width\" content=\"750\" \/>\n\t<meta property=\"og:image:height\" content=\"700\" \/>\n\t<meta property=\"og:image:type\" content=\"image\/jpeg\" \/>\n<meta name=\"twitter:card\" content=\"summary_large_image\" \/>\n<script type=\"application\/ld+json\" class=\"yoast-schema-graph\">{\"@context\":\"https:\\\/\\\/schema.org\",\"@graph\":[{\"@type\":\"WebPage\",\"@id\":\"https:\\\/\\\/www.werendijke.nl\\\/wordpressde\\\/nachhaltigkeit-campingplatz-werendijke\\\/\",\"url\":\"https:\\\/\\\/www.werendijke.nl\\\/wordpressde\\\/nachhaltigkeit-campingplatz-werendijke\\\/\",\"name\":\"Nachhaltigkeit Campingplatz Werendijke - Mini-Campingplatz | Zoutelande, Zeeland | Werendijke\",\"isPartOf\":{\"@id\":\"https:\\\/\\\/www.werendijke.nl\\\/wordpressde\\\/#website\"},\"primaryImageOfPage\":{\"@id\":\"https:\\\/\\\/www.werendijke.nl\\\/wordpressde\\\/nachhaltigkeit-campingplatz-werendijke\\\/#primaryimage\"},\"image\":{\"@id\":\"https:\\\/\\\/www.werendijke.nl\\\/wordpressde\\\/nachhaltigkeit-campingplatz-werendijke\\\/#primaryimage\"},\"thumbnailUrl\":\"https:\\\/\\\/www.werendijke.nl\\\/wordpressde\\\/wp-content\\\/uploads\\\/greenkey-logo-300x280.jpg\",\"datePublished\":\"2020-11-17T16:52:33+00:00\",\"dateModified\":\"2025-04-29T11:57:32+00:00\",\"breadcrumb\":{\"@id\":\"https:\\\/\\\/www.werendijke.nl\\\/wordpressde\\\/nachhaltigkeit-campingplatz-werendijke\\\/#breadcrumb\"},\"inLanguage\":\"nl-NL\",\"potentialAction\":[{\"@type\":\"ReadAction\",\"target\":[\"https:\\\/\\\/www.werendijke.nl\\\/wordpressde\\\/nachhaltigkeit-campingplatz-werendijke\\\/\"]}]},{\"@type\":\"ImageObject\",\"inLanguage\":\"nl-NL\",\"@id\":\"https:\\\/\\\/www.werendijke.nl\\\/wordpressde\\\/nachhaltigkeit-campingplatz-werendijke\\\/#primaryimage\",\"url\":\"https:\\\/\\\/www.werendijke.nl\\\/wordpressde\\\/wp-content\\\/uploads\\\/greenkey-logo.jpg\",\"contentUrl\":\"https:\\\/\\\/www.werendijke.nl\\\/wordpressde\\\/wp-content\\\/uploads\\\/greenkey-logo.jpg\",\"width\":750,\"height\":700,\"caption\":\"Green Key logo\"},{\"@type\":\"BreadcrumbList\",\"@id\":\"https:\\\/\\\/www.werendijke.nl\\\/wordpressde\\\/nachhaltigkeit-campingplatz-werendijke\\\/#breadcrumb\",\"itemListElement\":[{\"@type\":\"ListItem\",\"position\":1,\"name\":\"Home\",\"item\":\"https:\\\/\\\/www.werendijke.nl\\\/wordpressde\\\/\"},{\"@type\":\"ListItem\",\"position\":2,\"name\":\"Nachhaltigkeit Campingplatz Werendijke\"}]},{\"@type\":\"WebSite\",\"@id\":\"https:\\\/\\\/www.werendijke.nl\\\/wordpressde\\\/#website\",\"url\":\"https:\\\/\\\/www.werendijke.nl\\\/wordpressde\\\/\",\"name\":\"Mini-Campingplatz | Zoutelande, Zeeland | Werendijke\",\"description\":\"Mini-Campingplatz | Zoutelande, Zeeland | Werendijke\",\"publisher\":{\"@id\":\"https:\\\/\\\/www.werendijke.nl\\\/wordpressde\\\/#organization\"},\"potentialAction\":[{\"@type\":\"SearchAction\",\"target\":{\"@type\":\"EntryPoint\",\"urlTemplate\":\"https:\\\/\\\/www.werendijke.nl\\\/wordpressde\\\/?s={search_term_string}\"},\"query-input\":{\"@type\":\"PropertyValueSpecification\",\"valueRequired\":true,\"valueName\":\"search_term_string\"}}],\"inLanguage\":\"nl-NL\"},{\"@type\":\"Organization\",\"@id\":\"https:\\\/\\\/www.werendijke.nl\\\/wordpressde\\\/#organization\",\"name\":\"Campingplatz Werendijke\",\"url\":\"https:\\\/\\\/www.werendijke.nl\\\/wordpressde\\\/\",\"logo\":{\"@type\":\"ImageObject\",\"inLanguage\":\"nl-NL\",\"@id\":\"https:\\\/\\\/www.werendijke.nl\\\/wordpressde\\\/#\\\/schema\\\/logo\\\/image\\\/\",\"url\":\"https:\\\/\\\/www.werendijke.nl\\\/wordpressde\\\/wp-content\\\/uploads\\\/logo_met-tekst_klein.jpg\",\"contentUrl\":\"https:\\\/\\\/www.werendijke.nl\\\/wordpressde\\\/wp-content\\\/uploads\\\/logo_met-tekst_klein.jpg\",\"width\":135,\"height\":135,\"caption\":\"Campingplatz Werendijke\"},\"image\":{\"@id\":\"https:\\\/\\\/www.werendijke.nl\\\/wordpressde\\\/#\\\/schema\\\/logo\\\/image\\\/\"}}]}<\/script>\n<!-- \/ Yoast SEO plugin. -->","yoast_head_json":{"title":"Nachhaltigkeit Campingplatz Werendijke - Mini-Campingplatz | Zoutelande, Zeeland | Werendijke","robots":{"index":"index","follow":"follow","max-snippet":"max-snippet:-1","max-image-preview":"max-image-preview:large","max-video-preview":"max-video-preview:-1"},"canonical":"https:\/\/www.werendijke.nl\/wordpressde\/nachhaltigkeit-campingplatz-werendijke\/","og_locale":"nl_NL","og_type":"article","og_title":"Nachhaltigkeit Campingplatz Werendijke - Mini-Campingplatz | Zoutelande, Zeeland | Werendijke","og_description":"Der Campingplatz Werendijke legt besonders viel Wert auf eine saubere Umwelt. Daher ist das neuste Sanit\u00e4rgeb\u00e4ude energiesparend dank Solarenergie und Bewegungsmeldern. Au\u00dferdem sind alle Wasserh\u00e4hne wassersparend, und es erfolg M\u00fclltrennung. Die Aufmerksamkeit, die Campingplatz Werendijke einer sauberen Umwelt entgegenbringt, wird durch die Umweltplakette Green Key zertifiziert.","og_url":"https:\/\/www.werendijke.nl\/wordpressde\/nachhaltigkeit-campingplatz-werendijke\/","og_site_name":"Mini-Campingplatz | Zoutelande, Zeeland | Werendijke","article_modified_time":"2025-04-29T11:57:32+00:00","og_image":[{"width":750,"height":700,"url":"https:\/\/www.werendijke.nl\/wordpressde\/wp-content\/uploads\/greenkey-logo.jpg","type":"image\/jpeg"}],"twitter_card":"summary_large_image","schema":{"@context":"https:\/\/schema.org","@graph":[{"@type":"WebPage","@id":"https:\/\/www.werendijke.nl\/wordpressde\/nachhaltigkeit-campingplatz-werendijke\/","url":"https:\/\/www.werendijke.nl\/wordpressde\/nachhaltigkeit-campingplatz-werendijke\/","name":"Nachhaltigkeit Campingplatz Werendijke - Mini-Campingplatz | Zoutelande, Zeeland | Werendijke","isPartOf":{"@id":"https:\/\/www.werendijke.nl\/wordpressde\/#website"},"primaryImageOfPage":{"@id":"https:\/\/www.werendijke.nl\/wordpressde\/nachhaltigkeit-campingplatz-werendijke\/#primaryimage"},"image":{"@id":"https:\/\/www.werendijke.nl\/wordpressde\/nachhaltigkeit-campingplatz-werendijke\/#primaryimage"},"thumbnailUrl":"https:\/\/www.werendijke.nl\/wordpressde\/wp-content\/uploads\/greenkey-logo-300x280.jpg","datePublished":"2020-11-17T16:52:33+00:00","dateModified":"2025-04-29T11:57:32+00:00","breadcrumb":{"@id":"https:\/\/www.werendijke.nl\/wordpressde\/nachhaltigkeit-campingplatz-werendijke\/#breadcrumb"},"inLanguage":"nl-NL","potentialAction":[{"@type":"ReadAction","target":["https:\/\/www.werendijke.nl\/wordpressde\/nachhaltigkeit-campingplatz-werendijke\/"]}]},{"@type":"ImageObject","inLanguage":"nl-NL","@id":"https:\/\/www.werendijke.nl\/wordpressde\/nachhaltigkeit-campingplatz-werendijke\/#primaryimage","url":"https:\/\/www.werendijke.nl\/wordpressde\/wp-content\/uploads\/greenkey-logo.jpg","contentUrl":"https:\/\/www.werendijke.nl\/wordpressde\/wp-content\/uploads\/greenkey-logo.jpg","width":750,"height":700,"caption":"Green Key logo"},{"@type":"BreadcrumbList","@id":"https:\/\/www.werendijke.nl\/wordpressde\/nachhaltigkeit-campingplatz-werendijke\/#breadcrumb","itemListElement":[{"@type":"ListItem","position":1,"name":"Home","item":"https:\/\/www.werendijke.nl\/wordpressde\/"},{"@type":"ListItem","position":2,"name":"Nachhaltigkeit Campingplatz Werendijke"}]},{"@type":"WebSite","@id":"https:\/\/www.werendijke.nl\/wordpressde\/#website","url":"https:\/\/www.werendijke.nl\/wordpressde\/","name":"Mini-Campingplatz | Zoutelande, Zeeland | Werendijke","description":"Mini-Campingplatz | Zoutelande, Zeeland | Werendijke","publisher":{"@id":"https:\/\/www.werendijke.nl\/wordpressde\/#organization"},"potentialAction":[{"@type":"SearchAction","target":{"@type":"EntryPoint","urlTemplate":"https:\/\/www.werendijke.nl\/wordpressde\/?s={search_term_string}"},"query-input":{"@type":"PropertyValueSpecification","valueRequired":true,"valueName":"search_term_string"}}],"inLanguage":"nl-NL"},{"@type":"Organization","@id":"https:\/\/www.werendijke.nl\/wordpressde\/#organization","name":"Campingplatz Werendijke","url":"https:\/\/www.werendijke.nl\/wordpressde\/","logo":{"@type":"ImageObject","inLanguage":"nl-NL","@id":"https:\/\/www.werendijke.nl\/wordpressde\/#\/schema\/logo\/image\/","url":"https:\/\/www.werendijke.nl\/wordpressde\/wp-content\/uploads\/logo_met-tekst_klein.jpg","contentUrl":"https:\/\/www.werendijke.nl\/wordpressde\/wp-content\/uploads\/logo_met-tekst_klein.jpg","width":135,"height":135,"caption":"Campingplatz Werendijke"},"image":{"@id":"https:\/\/www.werendijke.nl\/wordpressde\/#\/schema\/logo\/image\/"}}]}},"_links":{"self":[{"href":"https:\/\/www.werendijke.nl\/wordpressde\/wp-json\/wp\/v2\/pages\/976","targetHints":{"allow":["GET"]}}],"collection":[{"href":"https:\/\/www.werendijke.nl\/wordpressde\/wp-json\/wp\/v2\/pages"}],"about":[{"href":"https:\/\/www.werendijke.nl\/wordpressde\/wp-json\/wp\/v2\/types\/page"}],"author":[{"embeddable":true,"href":"https:\/\/www.werendijke.nl\/wordpressde\/wp-json\/wp\/v2\/users\/2"}],"replies":[{"embeddable":true,"href":"https:\/\/www.werendijke.nl\/wordpressde\/wp-json\/wp\/v2\/comments?post=976"}],"version-history":[{"count":7,"href":"https:\/\/www.werendijke.nl\/wordpressde\/wp-json\/wp\/v2\/pages\/976\/revisions"}],"predecessor-version":[{"id":1250,"href":"https:\/\/www.werendijke.nl\/wordpressde\/wp-json\/wp\/v2\/pages\/976\/revisions\/1250"}],"wp:attachment":[{"href":"https:\/\/www.werendijke.nl\/wordpressde\/wp-json\/wp\/v2\/media?parent=976"}],"curies":[{"name":"wp","href":"https:\/\/api.w.org\/{rel}","templated":true}]}}